{"id":656,"date":"2023-10-20T12:04:07","date_gmt":"2023-10-20T10:04:07","guid":{"rendered":"https:\/\/innovhorti.fr\/?page_id=656"},"modified":"2024-09-18T17:50:47","modified_gmt":"2024-09-18T15:50:47","slug":"recompenses","status":"publish","type":"page","link":"https:\/\/innovhorti.fr\/?page_id=656","title":{"rendered":"R\u00e9compenses"},"content":{"rendered":"\n<div class=\"wp-block-uagb-container uagb-block-04545503 alignfull uagb-is-root-container\"><div class=\"uagb-container-inner-blocks-wrap\">\n<div class=\"wp-block-uagb-advanced-heading uagb-block-58d792da\"><h1 class=\"uagb-heading-text\">Les r\u00e9compenses<\/h1><\/div>\n<\/div><\/div>\n\n\n\n<div class=\"wp-block-columns has-ast-global-color-5-background-color has-background is-layout-flex wp-container-core-columns-is-layout-28f84493 wp-block-columns-is-layout-flex\">\n<div class=\"wp-block-column is-layout-flow wp-block-column-is-layout-flow\" style=\"flex-basis:100%\">\n<div class=\"wp-block-group is-layout-constrained wp-block-group-is-layout-constrained\">\n<div class=\"wp-block-columns has-ast-global-color-5-background-color has-background is-layout-flex wp-container-core-columns-is-layout-28f84493 wp-block-columns-is-layout-flex\">\n<div class=\"wp-block-column is-layout-flow wp-block-column-is-layout-flow\"><\/div>\n<\/div>\n<\/div>\n\n\n\n<div class=\"wp-block-uagb-restaurant-menu uagb-block-c7bfef2d uagb-rm__desk-column-1 uagb-rm__tablet-column-2 uagb-rm__mobile-column-1\">\n<div class=\"wp-block-uagb-restaurant-menu-child uagb-rest_menu__wrap\"><div class=\"uagb-rm__content\"><img decoding=\"async\" class=\"\" src=\"http:\/\/innovhorti.fr\/wp-content\/uploads\/2023\/10\/euro-300x300.png\" alt=\"\" width=\"100\" height=\"100\" loading=\"lazy\"\/><div class=\"uagb-rm-details\"><h4 class=\"uagb-rm__title\">Prix financier <\/h4><div class=\"uagb-rm__desc\">Une enveloppe financi\u00e8re offerte par nos partenaires \u00e0 partager entre laur\u00e9ats, sous conditions indiqu\u00e9es dans le r\u00e8glement (zone g\u00e9ographique, entreprise &#8230;) <br><br><\/div><\/div><span class=\"uagb-rm__price\"><\/span><\/div><div class=\"uagb-rm__separator\"><\/div><\/div>\n\n\n\n<div data-aos= \"zoom-in\" data-aos-duration=\"400\" data-aos-delay=\"0\" data-aos-easing=\"ease\" data-aos-once=\"true\" class=\"wp-block-uagb-restaurant-menu-child uagb-rest_menu__wrap\"><div class=\"uagb-rm__content\"><img decoding=\"async\" class=\"\" src=\"http:\/\/innovhorti.fr\/wp-content\/uploads\/2023\/10\/plante-300x300.png\" alt=\"\" width=\"100\" height=\"100\" loading=\"lazy\"\/><div class=\"uagb-rm-details\"><h4 class=\"uagb-rm__title\">Incubation et accompagnement <br><\/h4><div class=\"uagb-rm__desc\">Que vous soyez \u00e9tudiants, start-up, ou en cr\u00e9ation d&#8217;entreprise, vous serez accompagn\u00e9s dans la poursuite du projet : <br><br>   &#8211; P\u00e9pite CVL pour les \u00e9tudiants : accompagnement dans la poursuite du projet, la structuration du projet.<br><br>   &#8211; Dev&#8217;UP pour les installations en r\u00e9gion Centre-Val de Loire : accompagnement dans la phase d&#8217;installation en r\u00e9gion.<br><br>   &#8211; Village By CA pour les start-ups : accompagnement ou 3 mois de loyer offerts par les Village By CA Orl\u00e9ans et Ch\u00e2teaudun,  sous condition de domiciliation.<\/div><\/div><span class=\"uagb-rm__price\"><\/span><\/div><div class=\"uagb-rm__separator\"><\/div><\/div>\n\n\n\n<div data-aos= \"zoom-in\" data-aos-duration=\"400\" data-aos-delay=\"0\" data-aos-easing=\"ease\" data-aos-once=\"true\" class=\"wp-block-uagb-restaurant-menu-child uagb-rest_menu__wrap\"><div class=\"uagb-rm__content\"><img decoding=\"async\" class=\"\" src=\"http:\/\/innovhorti.fr\/wp-content\/uploads\/2023\/10\/adhesion-300x300.png\" alt=\"\" width=\"100\" height=\"100\" loading=\"lazy\"\/><div class=\"uagb-rm-details\"><h4 class=\"uagb-rm__title\">Adh\u00e9sion aux r\u00e9seaux <\/h4><div class=\"uagb-rm__desc\"><br>Vous \u00eates une entreprise et Grand Laur\u00e9at ?<br>B\u00e9n\u00e9ficiez d&#8217;un an d&#8217;accompagnement par le p\u00f4le de comp\u00e9titivit\u00e9 VEGEPOLYS VALLEY.<\/div><\/div><span class=\"uagb-rm__price\"><\/span><\/div><div class=\"uagb-rm__separator\"><\/div><\/div>\n\n\n\n<div data-aos= \"zoom-in\" data-aos-duration=\"400\" data-aos-delay=\"0\" data-aos-easing=\"ease\" data-aos-once=\"true\" class=\"wp-block-uagb-restaurant-menu-child uagb-rest_menu__wrap\"><div class=\"uagb-rm__content\"><img decoding=\"async\" class=\"\" src=\"http:\/\/innovhorti.fr\/wp-content\/uploads\/2023\/10\/mentorat-300x300.png\" alt=\"\" width=\"100\" height=\"100\" loading=\"lazy\"\/><div class=\"uagb-rm-details\"><h4 class=\"uagb-rm__title\">Mentorat<\/h4><div class=\"uagb-rm__desc\"><br>Les organismes de la fili\u00e8re et les professionnels vous suivront dans le d\u00e9veloppement du projet.<\/div><\/div><span class=\"uagb-rm__price\"><\/span><\/div><div class=\"uagb-rm__separator\"><\/div><\/div>\n\n\n\n<div data-aos= \"zoom-in\" data-aos-duration=\"400\" data-aos-delay=\"0\" data-aos-easing=\"ease\" data-aos-once=\"true\" class=\"wp-block-uagb-restaurant-menu-child uagb-rest_menu__wrap\"><div class=\"uagb-rm__content\"><img decoding=\"async\" class=\"\" src=\"http:\/\/innovhorti.fr\/wp-content\/uploads\/2023\/10\/digital-marketing-300x300.png\" alt=\"\" width=\"100\" height=\"100\" loading=\"lazy\"\/><div class=\"uagb-rm-details\"><h4 class=\"uagb-rm__title\">Communication<\/h4><div class=\"uagb-rm__desc\"><br>Votre projet sera port\u00e9 par les r\u00e9seaux des partenaires et aupr\u00e8s des diff\u00e9rents acteurs de la fili\u00e8re. <br><\/div><\/div><span class=\"uagb-rm__price\"><\/span><\/div><div class=\"uagb-rm__separator\"><\/div><\/div>\n\n\n\n<div data-aos= \"zoom-in\" data-aos-duration=\"400\" data-aos-delay=\"0\" data-aos-easing=\"ease\" data-aos-once=\"true\" class=\"wp-block-uagb-restaurant-menu-child uagb-rest_menu__wrap\"><div class=\"uagb-rm__content\"><img decoding=\"async\" class=\"\" src=\"http:\/\/innovhorti.fr\/wp-content\/uploads\/2023\/10\/stand-publicitaire-300x300.png\" alt=\"\" width=\"100\" height=\"100\" loading=\"lazy\"\/><div class=\"uagb-rm-details\"><h4 class=\"uagb-rm__title\">Participation aux salons<\/h4><div class=\"uagb-rm__desc\"><br>Vous aurez la possibilit\u00e9 de participer ou d&#8217;\u00eatre mis en valeur sur des salons professionnels et rencontres r\u00e9gionales durant l&#8217;ann\u00e9e 2025.<\/div><\/div><span class=\"uagb-rm__price\"><\/span><\/div><div class=\"uagb-rm__separator\"><\/div><\/div>\n<\/div>\n<\/div>\n<\/div>\n\n\n\n<div style=\"height:100px\" aria-hidden=\"true\" class=\"wp-block-spacer\"><\/div>\n\n\n\n<div class=\"wp-block-uagb-advanced-heading uagb-block-9b4bfd58\"><h2 class=\"uagb-heading-text\">Nos partenaires <\/h2><div class=\"uagb-separator\"><\/div><\/div>\n\n\n\n<div class=\"wp-block-columns has-white-background-color has-background is-layout-flex wp-container-core-columns-is-layout-28f84493 wp-block-columns-is-layout-flex\">\n<div class=\"wp-block-column is-layout-flow wp-block-column-is-layout-flow\" style=\"flex-basis:20%\"><\/div>\n\n\n\n<div class=\"wp-block-column is-vertically-aligned-center is-layout-flow wp-container-core-column-is-layout-43dc041e wp-block-column-is-layout-flow\" style=\"padding-top:0;padding-right:0;padding-bottom:0;padding-left:0;flex-basis:50%\">\n<div class=\"wp-block-uagb-slider uagb-block-ac35b5a9 uagb-slider-container\"><div class=\"uagb-slides uagb-swiper\"><div class=\"swiper-wrapper\">\n<div class=\"wp-block-uagb-slider-child uagb-slider-child-wrap swiper-slide uagb-block-00e8067d\"><div class=\"swiper-content\">\n<div class=\"wp-block-uagb-container uagb-block-b0d32c74 alignfull uagb-is-root-container\"><div class=\"uagb-container-inner-blocks-wrap\">\n<figure class=\"wp-block-image aligncenter size-full is-resized\"><a href=\"http:\/\/www.pepite-centre.fr\/\"><img loading=\"lazy\" decoding=\"async\" width=\"180\" height=\"78\" src=\"https:\/\/innovhorti.fr\/wp-content\/uploads\/2023\/10\/image-1.png\" alt=\"\" class=\"wp-image-727\" style=\"aspect-ratio:2.3076923076923075;width:186px;height:auto\"\/><\/a><\/figure>\n\n\n\n<div class=\"wp-block-uagb-info-box uagb-block-4ab7d130 uagb-infobox__content-wrap  uagb-infobox-icon-above-title uagb-infobox-image-valign-top\"><div class=\"uagb-ifb-content\"><div class=\"uagb-ifb-title-wrap\"><h3 class=\"uagb-ifb-title\">P\u00e9pite Centre-Val de Loire <\/h3><\/div><p class=\"uagb-ifb-desc\">Pour les laur\u00e9ats \u00e9tudiants, ou si vous souhaitez poursuivre votre projet, b\u00e9n\u00e9ficiez d&#8217;un accompagnement gratuit par P\u00e9pite CVL ! <br><\/p><\/div><\/div>\n<\/div><\/div>\n<\/div><\/div>\n\n\n\n<div class=\"wp-block-uagb-slider-child uagb-slider-child-wrap swiper-slide uagb-block-4865861b\"><div class=\"swiper-content\">\n<div class=\"wp-block-uagb-container uagb-block-9de902e6 alignfull uagb-is-root-container\"><div class=\"uagb-container-inner-blocks-wrap\">\n<figure class=\"wp-block-image aligncenter is-resized\"><a href=\"https:\/\/www.devup-centrevaldeloire.fr\/\"><img decoding=\"async\" src=\"https:\/\/www.devup-centrevaldeloire.fr\/media\/logo-devup.png\" alt=\"DEV'UP au service du d\u00e9veloppement des entreprises et des ...\" style=\"aspect-ratio:3.7735849056603774;width:362px;height:auto\"\/><\/a><\/figure>\n\n\n\n<div class=\"wp-block-uagb-info-box uagb-block-1a6f95ca uagb-infobox__content-wrap  uagb-infobox-icon-above-title uagb-infobox-image-valign-top\"><div class=\"uagb-ifb-content\"><div class=\"uagb-ifb-title-wrap\"><h3 class=\"uagb-ifb-title\">DEV&#8217;UP <\/h3><\/div><p class=\"uagb-ifb-desc\">Vous souhaitez d\u00e9velopper votre activit\u00e9 en r\u00e9gion Centre-Val de Loire ? Faites vous accompagner par DEV&#8217;UP !<\/p><\/div><\/div>\n<\/div><\/div>\n<\/div><\/div>\n\n\n\n<div class=\"wp-block-uagb-slider-child uagb-slider-child-wrap swiper-slide uagb-block-d0107404\"><div class=\"swiper-content\">\n<div class=\"wp-block-uagb-container uagb-block-a1765192 alignfull uagb-is-root-container\"><div class=\"uagb-container-inner-blocks-wrap\">\n<figure class=\"wp-block-image aligncenter size-large is-resized\"><a href=\"https:\/\/agreenlabo.tech\/\"><img loading=\"lazy\" decoding=\"async\" width=\"1024\" height=\"1024\" src=\"http:\/\/innovhorti.fr\/wp-content\/uploads\/2023\/10\/logo-agreen-labo-levillageok-1024x1024.png\" alt=\"\" class=\"wp-image-682\" style=\"width:166px;height:auto\" srcset=\"https:\/\/innovhorti.fr\/wp-content\/uploads\/2023\/10\/logo-agreen-labo-levillageok-1024x1024.png 1024w, https:\/\/innovhorti.fr\/wp-content\/uploads\/2023\/10\/logo-agreen-labo-levillageok-300x300.png 300w, https:\/\/innovhorti.fr\/wp-content\/uploads\/2023\/10\/logo-agreen-labo-levillageok-150x150.png 150w, https:\/\/innovhorti.fr\/wp-content\/uploads\/2023\/10\/logo-agreen-labo-levillageok-768x768.png 768w, https:\/\/innovhorti.fr\/wp-content\/uploads\/2023\/10\/logo-agreen-labo-levillageok.png 1134w\" sizes=\"auto, (max-width: 1024px) 100vw, 1024px\" \/><\/a><\/figure>\n\n\n\n<div class=\"wp-block-uagb-info-box uagb-block-03fc52c3 uagb-infobox__content-wrap  uagb-infobox-icon-above-title uagb-infobox-image-valign-top\"><div class=\"uagb-ifb-content\"><div class=\"uagb-ifb-title-wrap\"><h3 class=\"uagb-ifb-title\">Agreen Lab&#8217;O &#8211; Le Village By CA<\/h3><\/div><p class=\"uagb-ifb-desc\">Start&#8217;up \u00e0 incuber ? <br>L&#8217;Agreen Lab&#8217;O fait b\u00e9n\u00e9ficier au Grand Laur\u00e9at 3 mois d&#8217;incubation gratuit ! <\/p><\/div><\/div>\n<\/div><\/div>\n<\/div><\/div>\n\n\n\n<div class=\"wp-block-uagb-slider-child uagb-slider-child-wrap swiper-slide uagb-block-509623e5\"><div class=\"swiper-content\">\n<div class=\"wp-block-uagb-info-box uagb-block-2ae96302 uagb-infobox__content-wrap  uagb-infobox-icon-above-title uagb-infobox-image-valign-top\"><div class=\"uagb-ifb-content\"><div class=\"uagb-ifb-image-content\"><img decoding=\"async\" src=\"http:\/\/innovhorti.fr\/wp-content\/uploads\/2023\/12\/telechargement-150x150.png\" alt=\"\" width=\"\" height=\"0\" loading=\"lazy\"\/><\/div><div class=\"uagb-ifb-title-wrap\"><h3 class=\"uagb-ifb-title\">Campus Les Champs du Possible &#8211; Xavier Beulin Le Village by CA<\/h3><\/div><p class=\"uagb-ifb-desc\">Start&#8217;up \u00e0 incuber ?<br>&#8216;Les Champs du Possible&#8217; fait b\u00e9n\u00e9ficier au Grand Laur\u00e9at 3 mois d&#8217;incubation gratuit !<br><\/p><\/div><\/div>\n\n\n\n<div class=\"wp-block-uagb-container uagb-block-492c93b3 alignfull uagb-is-root-container\"><div class=\"uagb-container-inner-blocks-wrap\"><\/div><\/div>\n<\/div><\/div>\n\n\n\n<div class=\"wp-block-uagb-slider-child uagb-slider-child-wrap swiper-slide uagb-block-b040dc1f\"><div class=\"swiper-content\">\n<div class=\"wp-block-uagb-info-box uagb-block-d24b8d59 uagb-infobox__content-wrap  uagb-infobox-icon-above-title uagb-infobox-image-valign-top\"><div class=\"uagb-ifb-content\"><div class=\"uagb-ifb-image-content\"><img decoding=\"async\" src=\"http:\/\/innovhorti.fr\/wp-content\/uploads\/2023\/11\/image-150x150.png\" alt=\"\" width=\"\" height=\"0\" loading=\"lazy\"\/><\/div><div class=\"uagb-ifb-title-wrap\"><h3 class=\"uagb-ifb-title\">Cr\u00e9dit Agricole <\/h3><\/div><p class=\"uagb-ifb-desc\">Le Cr\u00e9dit Agricole Centre Loire participe aux prix financier du challenge ! <\/p><\/div><\/div>\n\n\n\n<div class=\"wp-block-uagb-container uagb-block-fa117c70 alignfull uagb-is-root-container\"><div class=\"uagb-container-inner-blocks-wrap\"><\/div><\/div>\n<\/div><\/div>\n<\/div><\/div><div class=\"swiper-pagination\"><\/div><div class=\"swiper-button-prev\"><\/div><div class=\"swiper-button-next\"><\/div><\/div>\n<\/div>\n\n\n\n<div class=\"wp-block-column is-layout-flow wp-block-column-is-layout-flow\" style=\"flex-basis:20%\"><\/div>\n<\/div>\n\n\n\n<div class=\"wp-block-uagb-container uagb-block-ada1b635 alignfull uagb-is-root-container\"><div class=\"uagb-container-inner-blocks-wrap\"><\/div><\/div>\n","protected":false},"excerpt":{"rendered":"<p>Les r\u00e9compenses Nos partenaires<\/p>\n","protected":false},"author":2,"featured_media":0,"parent":0,"menu_order":0,"comment_status":"closed","ping_status":"closed","template":"","meta":{"_uag_custom_page_level_css":"","site-sidebar-layout":"no-sidebar","site-content-layout":"plain-container","ast-site-content-layout":"normal-width-container","site-content-style":"unboxed","site-sidebar-style":"unboxed","ast-global-header-display":"","ast-banner-title-visibility":"","ast-main-header-display":"","ast-hfb-above-header-display":"","ast-hfb-below-header-display":"","ast-hfb-mobile-header-display":"","site-post-title":"disabled","ast-breadcrumbs-content":"","ast-featured-img":"disabled","footer-sml-layout":"","theme-transparent-header-meta":"enabled","adv-header-id-meta":"","stick-header-meta":"","header-above-stick-meta":"","header-main-stick-meta":"","header-below-stick-meta":"","astra-migrate-meta-layouts":"set","footnotes":""},"class_list":["post-656","page","type-page","status-publish","hentry"],"uagb_featured_image_src":{"full":false,"thumbnail":false,"medium":false,"medium_large":false,"large":false,"1536x1536":false,"2048x2048":false},"uagb_author_info":{"display_name":"admin1770","author_link":"https:\/\/innovhorti.fr\/?author=2"},"uagb_comment_info":0,"uagb_excerpt":"Les r\u00e9compenses Nos partenaires","_links":{"self":[{"href":"https:\/\/innovhorti.fr\/index.php?rest_route=\/wp\/v2\/pages\/656","targetHints":{"allow":["GET"]}}],"collection":[{"href":"https:\/\/innovhorti.fr\/index.php?rest_route=\/wp\/v2\/pages"}],"about":[{"href":"https:\/\/innovhorti.fr\/index.php?rest_route=\/wp\/v2\/types\/page"}],"author":[{"embeddable":true,"href":"https:\/\/innovhorti.fr\/index.php?rest_route=\/wp\/v2\/users\/2"}],"replies":[{"embeddable":true,"href":"https:\/\/innovhorti.fr\/index.php?rest_route=%2Fwp%2Fv2%2Fcomments&post=656"}],"version-history":[{"count":40,"href":"https:\/\/innovhorti.fr\/index.php?rest_route=\/wp\/v2\/pages\/656\/revisions"}],"predecessor-version":[{"id":1022,"href":"https:\/\/innovhorti.fr\/index.php?rest_route=\/wp\/v2\/pages\/656\/revisions\/1022"}],"wp:attachment":[{"href":"https:\/\/innovhorti.fr\/index.php?rest_route=%2Fwp%2Fv2%2Fmedia&parent=656"}],"curies":[{"name":"wp","href":"https:\/\/api.w.org\/{rel}","templated":true}]}}