{"id":417,"date":"2020-09-15T06:48:15","date_gmt":"2020-09-15T06:48:15","guid":{"rendered":"http:\/\/innovhorti.fr\/?page_id=417"},"modified":"2024-11-12T09:34:16","modified_gmt":"2024-11-12T08:34:16","slug":"home","status":"publish","type":"page","link":"https:\/\/innovhorti.fr\/","title":{"rendered":"Page principale"},"content":{"rendered":"\n<div class=\"wp-block-uagb-container uagb-block-03e641d9 alignfull uagb-is-root-container\"><div class=\"uagb-container-inner-blocks-wrap\">\n<p class=\"has-text-align-center has-white-color has-text-color has-link-color wp-elements-cd163de215e32dc382279d72ac51c18f\" style=\"font-size:28px\"><strong>Challenge Innovation en r\u00e9gion Centre-Val de Loire<\/strong><\/p>\n\n\n\n<h2 class=\"wp-block-heading has-text-align-center has-white-color has-text-color has-link-color wp-elements-e14d56c324a66357c9e24ad797dc785c\" style=\"padding-top:0;padding-right:0;padding-bottom:0;padding-left:0;font-size:66px\">INNOV&#8217;HORTI 2025<\/h2>\n\n\n\n<div class=\"wp-block-uagb-buttons uagb-buttons__outer-wrap uagb-btn__default-btn uagb-btn-tablet__default-btn uagb-btn-mobile__default-btn uagb-block-e24d5483\"><div class=\"uagb-buttons__wrap uagb-buttons-layout-wrap\">\n<div class=\"wp-block-uagb-buttons-child uagb-buttons__outer-wrap uagb-block-46911269 wp-block-button\"><div class=\"uagb-button__wrapper\"><a class=\"uagb-buttons-repeater wp-block-button__link\" href=\"https:\/\/innovhorti.fr\/?page_id=435\" onclick=\"return true;\" rel=\"follow noopener\" target=\"_self\"><div class=\"uagb-button__link\">Pr\u00e9-inscription<\/div><\/a><\/div><\/div>\n<\/div><\/div>\n\n\n\n<p class=\"has-text-align-center has-white-color has-text-color has-link-color wp-elements-8ce8f7f819f1d86da69070647d6b6fb3\" style=\"margin-top:0;margin-right:0;margin-bottom:0;margin-left:0\">Un challenge ouvert \u00e0 tous les \u00e9tudiants ou start-up, en groupe pour d\u00e9velopper vos id\u00e9es ou en individuel pour associer vos potentiels ! <\/p>\n\n\n\n<p class=\"has-text-align-center has-white-color has-text-color has-link-color wp-elements-c953c7d6ef5dd989fd74ff877e2730b7\" style=\"margin-top:0;margin-right:0;margin-bottom:0;margin-left:0\"><br>Rejoignez nos \u00e9quipes candidates jusqu&#8217;au<strong> <mark style=\"background-color:var(--ast-global-color-4);color:#00a49e\" class=\"has-inline-color\">6 janvier<\/mark><mark style=\"background-color:rgba(0, 0, 0, 0);color:#00a49e\" class=\"has-inline-color\"> <\/mark><\/strong>!<\/p>\n<\/div><\/div>\n\n\n\n<div class=\"wp-block-uagb-container uagb-block-fcc3edf8 alignfull uagb-is-root-container\"><div class=\"uagb-container-inner-blocks-wrap\">\n<div class=\"wp-block-uagb-advanced-heading uagb-block-779dd6a4\"><h2 class=\"uagb-heading-text\">2 D\u00c9FIS \u00c0 RELEVER<\/h2><div class=\"uagb-separator\"><\/div><\/div>\n\n\n\n<div class=\"wp-block-uagb-container uagb-block-d0d84d60\">\n<div class=\"wp-block-columns is-layout-flex wp-container-core-columns-is-layout-28f84493 wp-block-columns-is-layout-flex\">\n<div class=\"wp-block-column is-layout-flow wp-block-column-is-layout-flow\">\n<div class=\"wp-block-uagb-info-box uagb-block-62572401 uagb-infobox__content-wrap  uagb-infobox-icon-above-title uagb-infobox-image-valign-top\"><div class=\"uagb-ifb-content\"><div class=\"uagb-ifb-image-content\"><img decoding=\"async\" src=\"http:\/\/innovhorti.fr\/wp-content\/uploads\/2023\/10\/iStock-1408040779-300x200.jpg\" alt=\"\" width=\"\" height=\"0\" loading=\"lazy\"\/><\/div><div class=\"uagb-ifb-title-wrap\"><h4 class=\"uagb-ifb-title\">Ressource en Eau<\/h4><\/div><div class=\"uagb-ifb-separator\"><\/div><p class=\"uagb-ifb-desc\">Optimiser les flux des diff\u00e9rentes ressources en eau en fonction des cycles de production<\/p><div class=\"uagb-ifb-button-wrapper wp-block-button\"><a href=\"https:\/\/innovhorti.fr\/?page_id=414\" class=\"uagb-infobox-cta-link wp-block-button__link\" target=\"_self\" rel=\"noopener noreferrer\" onclick=\"return true;\" alt=\"\"><span class=\"uagb-inline-editing\">Lire la suite<\/span><\/a><\/div><\/div><\/div>\n<\/div>\n\n\n\n<div class=\"wp-block-column is-layout-flow wp-block-column-is-layout-flow\">\n<div class=\"wp-block-uagb-info-box uagb-block-5667bce9 uagb-infobox__content-wrap  uagb-infobox-icon-above-title uagb-infobox-image-valign-top\"><div class=\"uagb-ifb-content\"><div class=\"uagb-ifb-image-content\"><img decoding=\"async\" src=\"http:\/\/innovhorti.fr\/wp-content\/uploads\/2023\/10\/iStock-151514883-1-300x200.jpg\" alt=\"\" width=\"\" height=\"0\" loading=\"lazy\"\/><\/div><div class=\"uagb-ifb-title-wrap\"><h4 class=\"uagb-ifb-title\">Relation avec les Citoyens<\/h4><\/div><div class=\"uagb-ifb-separator\"><\/div><p class=\"uagb-ifb-desc\">Cr\u00e9er une relation entre les v\u00e9g\u00e9taux qui entourent les citoyens et les entreprises de production<\/p><div class=\"uagb-ifb-button-wrapper wp-block-button\"><a href=\"https:\/\/innovhorti.fr\/?page_id=414\" class=\"uagb-infobox-cta-link wp-block-button__link\" target=\"_self\" rel=\"noopener noreferrer\" onclick=\"return true;\" alt=\"\"><span class=\"uagb-inline-editing\">Lire la suite<\/span><\/a><\/div><\/div><\/div>\n<\/div>\n<\/div>\n<\/div>\n<\/div><\/div>\n\n\n\n<div class=\"wp-block-uagb-container uagb-block-2c8cad82 alignfull uagb-is-root-container\"><div class=\"uagb-container-inner-blocks-wrap\">\n<div class=\"wp-block-uagb-advanced-heading uagb-block-4fe07248\"><h2 class=\"uagb-heading-text\">les r\u00e9compenses<\/h2><div class=\"uagb-separator\"><\/div><\/div>\n<\/div><\/div>\n\n\n\n<div class=\"wp-block-uagb-restaurant-menu uagb-block-c7bfef2d uagb-rm__desk-column-2 uagb-rm__tablet-column-2 uagb-rm__mobile-column-1\">\n<div class=\"wp-block-uagb-restaurant-menu-child uagb-rest_menu__wrap\"><div class=\"uagb-rm__content\"><img decoding=\"async\" class=\"\" src=\"http:\/\/innovhorti.fr\/wp-content\/uploads\/2023\/10\/euro-300x300.png\" alt=\"\" width=\"100\" height=\"100\" loading=\"lazy\"\/><div class=\"uagb-rm-details\"><h4 class=\"uagb-rm__title\">Prix financier<\/h4><div class=\"uagb-rm__desc\">Une enveloppe financi\u00e8re offerte par nos partenaires \u00e0 partager entre Grand Laur\u00e9at et Laur\u00e9ats !<br><\/div><\/div><span class=\"uagb-rm__price\"><\/span><\/div><div class=\"uagb-rm__separator\"><\/div><\/div>\n\n\n\n<div data-aos= \"zoom-in\" data-aos-duration=\"400\" data-aos-delay=\"0\" data-aos-easing=\"ease\" data-aos-once=\"true\" class=\"wp-block-uagb-restaurant-menu-child uagb-rest_menu__wrap\"><div class=\"uagb-rm__content\"><img decoding=\"async\" class=\"\" src=\"http:\/\/innovhorti.fr\/wp-content\/uploads\/2023\/10\/plante-300x300.png\" alt=\"\" width=\"100\" height=\"100\" loading=\"lazy\"\/><div class=\"uagb-rm-details\"><h4 class=\"uagb-rm__title\">Incubation et accompagnement <\/h4><div class=\"uagb-rm__desc\">Que vous soyez <em>\u00e9tudiants, start-up, <\/em>ou en <em>cr\u00e9ation d&#8217;entreprise,<\/em> vous serez accompagn\u00e9s dans la poursuite du projet !<\/div><\/div><span class=\"uagb-rm__price\"><\/span><\/div><div class=\"uagb-rm__separator\"><\/div><\/div>\n\n\n\n<div data-aos= \"zoom-in\" data-aos-duration=\"400\" data-aos-delay=\"0\" data-aos-easing=\"ease\" data-aos-once=\"true\" class=\"wp-block-uagb-restaurant-menu-child uagb-rest_menu__wrap\"><div class=\"uagb-rm__content\"><img decoding=\"async\" class=\"\" src=\"http:\/\/innovhorti.fr\/wp-content\/uploads\/2023\/10\/adhesion-300x300.png\" alt=\"\" width=\"100\" height=\"100\" loading=\"lazy\"\/><div class=\"uagb-rm-details\"><h4 class=\"uagb-rm__title\">Adh\u00e9sion aux r\u00e9seaux <\/h4><div class=\"uagb-rm__desc\">B\u00e9n\u00e9ficiez d&#8217;un an d&#8217;accompagnement par le p\u00f4le de comp\u00e9titivit\u00e9 VEGEPOLYS VALLEY !<\/div><\/div><span class=\"uagb-rm__price\"><\/span><\/div><div class=\"uagb-rm__separator\"><\/div><\/div>\n\n\n\n<div data-aos= \"zoom-in\" data-aos-duration=\"400\" data-aos-delay=\"0\" data-aos-easing=\"ease\" data-aos-once=\"true\" class=\"wp-block-uagb-restaurant-menu-child uagb-rest_menu__wrap\"><div class=\"uagb-rm__content\"><img decoding=\"async\" class=\"\" src=\"http:\/\/innovhorti.fr\/wp-content\/uploads\/2023\/10\/mentorat-300x300.png\" alt=\"\" width=\"100\" height=\"100\" loading=\"lazy\"\/><div class=\"uagb-rm-details\"><h4 class=\"uagb-rm__title\">Mentorat<\/h4><div class=\"uagb-rm__desc\">Les organismes de la fili\u00e8re et professionnels vous suivront dans le d\u00e9veloppement du projet !<\/div><\/div><span class=\"uagb-rm__price\"><\/span><\/div><div class=\"uagb-rm__separator\"><\/div><\/div>\n\n\n\n<div data-aos= \"zoom-in\" data-aos-duration=\"400\" data-aos-delay=\"0\" data-aos-easing=\"ease\" data-aos-once=\"true\" class=\"wp-block-uagb-restaurant-menu-child uagb-rest_menu__wrap\"><div class=\"uagb-rm__content\"><img decoding=\"async\" class=\"\" src=\"http:\/\/innovhorti.fr\/wp-content\/uploads\/2023\/10\/digital-marketing-300x300.png\" alt=\"\" width=\"100\" height=\"100\" loading=\"lazy\"\/><div class=\"uagb-rm-details\"><h4 class=\"uagb-rm__title\">Communication<\/h4><div class=\"uagb-rm__desc\">Votre projet sera port\u00e9 par les r\u00e9seaux des partenaires ! <br><br><\/div><\/div><span class=\"uagb-rm__price\"><\/span><\/div><div class=\"uagb-rm__separator\"><\/div><\/div>\n\n\n\n<div data-aos= \"zoom-in\" data-aos-duration=\"400\" data-aos-delay=\"0\" data-aos-easing=\"ease\" data-aos-once=\"true\" class=\"wp-block-uagb-restaurant-menu-child uagb-rest_menu__wrap\"><div class=\"uagb-rm__content\"><img decoding=\"async\" class=\"\" src=\"http:\/\/innovhorti.fr\/wp-content\/uploads\/2023\/10\/stand-publicitaire-300x300.png\" alt=\"\" width=\"100\" height=\"100\" loading=\"lazy\"\/><div class=\"uagb-rm-details\"><h4 class=\"uagb-rm__title\">Participation aux salons<\/h4><div class=\"uagb-rm__desc\">Durant l&#8217;ann\u00e9e 2025, vous serez amen\u00e9s \u00e0 participer \u00e0 des salons sp\u00e9cialis\u00e9s !<br> <\/div><\/div><span class=\"uagb-rm__price\"><\/span><\/div><div class=\"uagb-rm__separator\"><\/div><\/div>\n<\/div>\n\n\n\n<div class=\"wp-block-uagb-container uagb-block-2045ec1c alignfull uagb-is-root-container\"><div class=\"uagb-container-inner-blocks-wrap\">\n<div class=\"wp-block-uagb-advanced-heading uagb-block-98f8cad7\"><h2 class=\"uagb-heading-text\">Les organisateurs, financeurs &amp; partenaires <\/h2><div class=\"uagb-separator\"><\/div><\/div>\n\n\n\n<div class=\"wp-block-group is-nowrap is-layout-flex wp-container-core-group-is-layout-6c531013 wp-block-group-is-layout-flex\">\n<figure class=\"wp-block-image size-large is-resized\"><a href=\"https:\/\/centre-valdeloire.chambres-agriculture.fr\/\"><img loading=\"lazy\" decoding=\"async\" width=\"1010\" height=\"1024\" src=\"https:\/\/innovhorti.fr\/wp-content\/uploads\/2023\/11\/CA_CENTRE-VAL-DE-LOIRE_V_RVB-1010x1024.png\" alt=\"\" class=\"wp-image-863\" style=\"width:99px;height:auto\" srcset=\"https:\/\/innovhorti.fr\/wp-content\/uploads\/2023\/11\/CA_CENTRE-VAL-DE-LOIRE_V_RVB-1010x1024.png 1010w, https:\/\/innovhorti.fr\/wp-content\/uploads\/2023\/11\/CA_CENTRE-VAL-DE-LOIRE_V_RVB-296x300.png 296w, https:\/\/innovhorti.fr\/wp-content\/uploads\/2023\/11\/CA_CENTRE-VAL-DE-LOIRE_V_RVB-768x779.png 768w, https:\/\/innovhorti.fr\/wp-content\/uploads\/2023\/11\/CA_CENTRE-VAL-DE-LOIRE_V_RVB-1515x1536.png 1515w, https:\/\/innovhorti.fr\/wp-content\/uploads\/2023\/11\/CA_CENTRE-VAL-DE-LOIRE_V_RVB.png 1586w\" sizes=\"auto, (max-width: 1010px) 100vw, 1010px\" \/><\/a><\/figure>\n\n\n\n<figure class=\"wp-block-image size-large is-resized\"><a href=\"https:\/\/www.vegepolys-valley.eu\/\"><img loading=\"lazy\" decoding=\"async\" width=\"735\" height=\"1024\" src=\"https:\/\/innovhorti.fr\/wp-content\/uploads\/2023\/11\/vegepolys_valley_logo_verticale_rvb-735x1024.png\" alt=\"\" class=\"wp-image-862\" style=\"width:81px;height:auto\" srcset=\"https:\/\/innovhorti.fr\/wp-content\/uploads\/2023\/11\/vegepolys_valley_logo_verticale_rvb-735x1024.png 735w, https:\/\/innovhorti.fr\/wp-content\/uploads\/2023\/11\/vegepolys_valley_logo_verticale_rvb-215x300.png 215w, https:\/\/innovhorti.fr\/wp-content\/uploads\/2023\/11\/vegepolys_valley_logo_verticale_rvb-768x1069.png 768w, https:\/\/innovhorti.fr\/wp-content\/uploads\/2023\/11\/vegepolys_valley_logo_verticale_rvb-1103x1536.png 1103w, https:\/\/innovhorti.fr\/wp-content\/uploads\/2023\/11\/vegepolys_valley_logo_verticale_rvb.png 1312w\" sizes=\"auto, (max-width: 735px) 100vw, 735px\" \/><\/a><\/figure>\n\n\n\n<figure class=\"wp-block-image size-full is-resized\"><a href=\"https:\/\/www.cap-filieres.fr\/filieres-vegetales\/horticulture-pepiniere\/\"><img loading=\"lazy\" decoding=\"async\" width=\"256\" height=\"141\" src=\"https:\/\/innovhorti.fr\/wp-content\/uploads\/2023\/11\/Logo_Cap_Filiere_Horti_Pepi_BAT-2.png\" alt=\"\" class=\"wp-image-861\" style=\"width:164px;height:auto\"\/><\/a><\/figure>\n\n\n\n<figure class=\"wp-block-image is-resized\"><a href=\"https:\/\/www.centre-valdeloire.fr\/\"><img decoding=\"async\" src=\"https:\/\/www.centre-valdeloire.fr\/sites\/default\/files\/media\/image\/2023-02\/logo_r%C3%A9gion.png\" alt=\"Kit de communication | Region Centre-Val de Loire\" style=\"width:117px;height:auto\"\/><\/a><\/figure>\n\n\n\n<figure class=\"wp-block-image size-full is-resized\"><a href=\"http:\/\/www.pepite-centre.fr\/\"><img loading=\"lazy\" decoding=\"async\" width=\"180\" height=\"78\" src=\"https:\/\/innovhorti.fr\/wp-content\/uploads\/2023\/11\/pepite-1.png\" alt=\"\" class=\"wp-image-859\" style=\"width:108px;height:auto\"\/><\/a><\/figure>\n\n\n\n<figure class=\"wp-block-image size-large is-resized\"><a href=\"https:\/\/agreenlabo.tech\/\"><img loading=\"lazy\" decoding=\"async\" width=\"1024\" height=\"1024\" src=\"https:\/\/innovhorti.fr\/wp-content\/uploads\/2023\/11\/logo-agreen-labo-levillageok-1-1024x1024.png\" alt=\"\" class=\"wp-image-860\" style=\"width:91px;height:auto\" srcset=\"https:\/\/innovhorti.fr\/wp-content\/uploads\/2023\/11\/logo-agreen-labo-levillageok-1-1024x1024.png 1024w, https:\/\/innovhorti.fr\/wp-content\/uploads\/2023\/11\/logo-agreen-labo-levillageok-1-300x300.png 300w, https:\/\/innovhorti.fr\/wp-content\/uploads\/2023\/11\/logo-agreen-labo-levillageok-1-150x150.png 150w, https:\/\/innovhorti.fr\/wp-content\/uploads\/2023\/11\/logo-agreen-labo-levillageok-1-768x768.png 768w, https:\/\/innovhorti.fr\/wp-content\/uploads\/2023\/11\/logo-agreen-labo-levillageok-1.png 1134w\" sizes=\"auto, (max-width: 1024px) 100vw, 1024px\" \/><\/a><\/figure>\n\n\n\n<figure class=\"wp-block-image size-full is-resized\"><a href=\"https:\/\/www.devup-centrevaldeloire.fr\/\"><img loading=\"lazy\" decoding=\"async\" width=\"437\" height=\"115\" src=\"https:\/\/innovhorti.fr\/wp-content\/uploads\/2023\/11\/image-1.png\" alt=\"\" class=\"wp-image-866\" style=\"width:180px;height:auto\" srcset=\"https:\/\/innovhorti.fr\/wp-content\/uploads\/2023\/11\/image-1.png 437w, https:\/\/innovhorti.fr\/wp-content\/uploads\/2023\/11\/image-1-300x79.png 300w\" sizes=\"auto, (max-width: 437px) 100vw, 437px\" \/><\/a><\/figure>\n\n\n\n<figure class=\"wp-block-image size-full is-resized\"><img loading=\"lazy\" decoding=\"async\" width=\"266\" height=\"190\" src=\"http:\/\/innovhorti.fr\/wp-content\/uploads\/2023\/11\/image.png\" alt=\"\" class=\"wp-image-865\" style=\"width:94px;height:auto\"\/><\/figure>\n\n\n\n<figure class=\"wp-block-image size-full is-resized\"><img loading=\"lazy\" decoding=\"async\" width=\"225\" height=\"225\" src=\"https:\/\/innovhorti.fr\/wp-content\/uploads\/2023\/12\/telechargement-1.png\" alt=\"\" class=\"wp-image-990\" style=\"width:130px;height:auto\" srcset=\"https:\/\/innovhorti.fr\/wp-content\/uploads\/2023\/12\/telechargement-1.png 225w, https:\/\/innovhorti.fr\/wp-content\/uploads\/2023\/12\/telechargement-1-150x150.png 150w\" sizes=\"auto, (max-width: 225px) 100vw, 225px\" \/><\/figure>\n<\/div>\n<\/div><\/div>\n","protected":false},"excerpt":{"rendered":"<p>Challenge Innovation en r\u00e9gion Centre-Val de Loire INNOV&#8217;HORTI 2025 Un challenge ouvert \u00e0 tous les \u00e9tudiants ou start-up, en groupe pour d\u00e9velopper vos id\u00e9es ou en individuel pour associer vos potentiels ! Rejoignez nos \u00e9quipes candidates jusqu&#8217;au 6 janvier ! 2 D\u00c9FIS \u00c0 RELEVER les r\u00e9compenses Les organisateurs, financeurs &amp; partenaires<\/p>\n","protected":false},"author":1,"featured_media":0,"parent":0,"menu_order":0,"comment_status":"closed","ping_status":"closed","template":"","meta":{"_uag_custom_page_level_css":"","site-sidebar-layout":"no-sidebar","site-content-layout":"plain-container","ast-site-content-layout":"normal-width-container","site-content-style":"unboxed","site-sidebar-style":"unboxed","ast-global-header-display":"","ast-banner-title-visibility":"","ast-main-header-display":"","ast-hfb-above-header-display":"","ast-hfb-below-header-display":"","ast-hfb-mobile-header-display":"","site-post-title":"disabled","ast-breadcrumbs-content":"","ast-featured-img":"","footer-sml-layout":"","theme-transparent-header-meta":"enabled","adv-header-id-meta":"","stick-header-meta":"","header-above-stick-meta":"","header-main-stick-meta":"","header-below-stick-meta":"","astra-migrate-meta-layouts":"set","footnotes":""},"class_list":["post-417","page","type-page","status-publish","hentry"],"uagb_featured_image_src":{"full":false,"thumbnail":false,"medium":false,"medium_large":false,"large":false,"1536x1536":false,"2048x2048":false},"uagb_author_info":{"display_name":"admin1660","author_link":"https:\/\/innovhorti.fr\/?author=1"},"uagb_comment_info":0,"uagb_excerpt":"Challenge Innovation en r\u00e9gion Centre-Val de Loire INNOV&#8217;HORTI 2025 Un challenge ouvert \u00e0 tous les \u00e9tudiants ou start-up, en groupe pour d\u00e9velopper vos id\u00e9es ou en individuel pour associer vos potentiels ! Rejoignez nos \u00e9quipes candidates jusqu&#8217;au 6 janvier ! 2 D\u00c9FIS \u00c0 RELEVER les r\u00e9compenses Les organisateurs, financeurs &amp; partenaires","_links":{"self":[{"href":"https:\/\/innovhorti.fr\/index.php?rest_route=\/wp\/v2\/pages\/417","targetHints":{"allow":["GET"]}}],"collection":[{"href":"https:\/\/innovhorti.fr\/index.php?rest_route=\/wp\/v2\/pages"}],"about":[{"href":"https:\/\/innovhorti.fr\/index.php?rest_route=\/wp\/v2\/types\/page"}],"author":[{"embeddable":true,"href":"https:\/\/innovhorti.fr\/index.php?rest_route=\/wp\/v2\/users\/1"}],"replies":[{"embeddable":true,"href":"https:\/\/innovhorti.fr\/index.php?rest_route=%2Fwp%2Fv2%2Fcomments&post=417"}],"version-history":[{"count":103,"href":"https:\/\/innovhorti.fr\/index.php?rest_route=\/wp\/v2\/pages\/417\/revisions"}],"predecessor-version":[{"id":1038,"href":"https:\/\/innovhorti.fr\/index.php?rest_route=\/wp\/v2\/pages\/417\/revisions\/1038"}],"wp:attachment":[{"href":"https:\/\/innovhorti.fr\/index.php?rest_route=%2Fwp%2Fv2%2Fmedia&parent=417"}],"curies":[{"name":"wp","href":"https:\/\/api.w.org\/{rel}","templated":true}]}}