{"id":416,"date":"2020-09-15T06:49:03","date_gmt":"2020-09-15T06:49:03","guid":{"rendered":"http:\/\/innovhorti.fr\/?page_id=416"},"modified":"2023-11-21T09:54:27","modified_gmt":"2023-11-21T08:54:27","slug":"contact","status":"publish","type":"page","link":"https:\/\/innovhorti.fr\/?page_id=416","title":{"rendered":"Contact"},"content":{"rendered":"\n<div class=\"wp-block-uagb-container uagb-block-fc9ec744 alignfull uagb-is-root-container\"><div class=\"uagb-container-inner-blocks-wrap\">\n<div class=\"wp-block-uagb-advanced-heading uagb-block-8df56909\"><h1 class=\"uagb-heading-text\">Contactez nous !<\/h1><\/div>\n<\/div><\/div>\n\n\n\n<div class=\"wp-block-uagb-container uagb-block-62928259 alignfull uagb-is-root-container\"><div class=\"uagb-container-inner-blocks-wrap\">\n<div class=\"wp-block-uagb-container uagb-block-ccbe212c\">\n<div class=\"wp-block-uagb-advanced-heading uagb-block-a7df3960\"><h3 class=\"uagb-heading-text\">Vous avez une question ? <\/h3><\/div>\n\n\n<div class=\"wpforms-container wpforms-block wpforms-block-01df0fc7-fb87-4782-991b-9d2c96ad09df\" id=\"wpforms-6\"><form id=\"wpforms-form-6\" class=\"wpforms-validate wpforms-form\" data-formid=\"6\" method=\"post\" enctype=\"multipart\/form-data\" action=\"\/index.php?rest_route=%2Fwp%2Fv2%2Fpages%2F416\" data-token=\"7e53dd50405f674e80709cf33dbd737d\"><noscript class=\"wpforms-error-noscript\">Please enable JavaScript in your browser to complete this form.<\/noscript><div class=\"wpforms-field-container\"><div id=\"wpforms-6-field_0-container\" class=\"wpforms-field wpforms-field-name\" data-field-id=\"0\"><label class=\"wpforms-field-label wpforms-label-hide\" for=\"wpforms-6-field_0\">Votre nom <span class=\"wpforms-required-label\">*<\/span><\/label><div class=\"wpforms-field-row wpforms-field-large\"><div class=\"wpforms-field-row-block wpforms-first wpforms-one-half\"><input type=\"text\" id=\"wpforms-6-field_0\" class=\"wpforms-field-name-first wpforms-field-required\" name=\"wpforms[fields][0][first]\" placeholder=\"Pr\u00e9nom\" required><label for=\"wpforms-6-field_0\" class=\"wpforms-field-sublabel after wpforms-sublabel-hide\">First<\/label><\/div><div class=\"wpforms-field-row-block wpforms-one-half\"><input type=\"text\" id=\"wpforms-6-field_0-last\" class=\"wpforms-field-name-last wpforms-field-required\" name=\"wpforms[fields][0][last]\" placeholder=\"Nom\" required><label for=\"wpforms-6-field_0-last\" class=\"wpforms-field-sublabel after wpforms-sublabel-hide\">Last<\/label><\/div><\/div><\/div><div id=\"wpforms-6-field_1-container\" class=\"wpforms-field wpforms-field-email\" data-field-id=\"1\"><label class=\"wpforms-field-label wpforms-label-hide\" for=\"wpforms-6-field_1\">Email <span class=\"wpforms-required-label\">*<\/span><\/label><input type=\"email\" id=\"wpforms-6-field_1\" class=\"wpforms-field-large wpforms-field-required\" name=\"wpforms[fields][1]\" placeholder=\"Email \" spellcheck=\"false\" required><\/div><div id=\"wpforms-6-field_2-container\" class=\"wpforms-field wpforms-field-textarea\" data-field-id=\"2\"><label class=\"wpforms-field-label wpforms-label-hide\" for=\"wpforms-6-field_2\">Message <span class=\"wpforms-required-label\">*<\/span><\/label><textarea id=\"wpforms-6-field_2\" class=\"wpforms-field-medium wpforms-field-required\" name=\"wpforms[fields][2]\" placeholder=\"Message\" required><\/textarea><\/div><\/div><!-- .wpforms-field-container --><div class=\"wpforms-field wpforms-field-hp\"><label for=\"wpforms-6-field-hp\" class=\"wpforms-field-label\">Name<\/label><input type=\"text\" name=\"wpforms[hp]\" id=\"wpforms-6-field-hp\" class=\"wpforms-field-medium\"><\/div><div class=\"wpforms-submit-container\" ><input type=\"hidden\" name=\"wpforms[id]\" value=\"6\"><input type=\"hidden\" name=\"wpforms[author]\" value=\"1\"><button type=\"submit\" name=\"wpforms[submit]\" id=\"wpforms-submit-6\" class=\"wpforms-submit\" data-alt-text=\"Envoi ... \" data-submit-text=\"Envoyer\" aria-live=\"assertive\" value=\"wpforms-submit\">Envoyer<\/button><\/div><\/form><\/div>  <!-- .wpforms-container --><\/div>\n\n\n\n<div class=\"wp-block-uagb-container uagb-block-b03ebdbf\">\n<div class=\"wp-block-uagb-advanced-heading uagb-block-1f983173\"><h3 class=\"uagb-heading-text\">Pour contacter les organisateurs <\/h3><\/div>\n\n\n\n<div class=\"wp-block-columns is-layout-flex wp-container-core-columns-is-layout-28f84493 wp-block-columns-is-layout-flex\">\n<div class=\"wp-block-column is-layout-flow wp-block-column-is-layout-flow\" style=\"flex-basis:50%\">\n<figure class=\"wp-block-image aligncenter size-large is-resized\"><img loading=\"lazy\" decoding=\"async\" width=\"1010\" height=\"1024\" src=\"https:\/\/innovhorti.fr\/wp-content\/uploads\/2023\/10\/CA_CENTRE-VAL-DE-LOIRE_V_RVB-1010x1024.png\" alt=\"\" class=\"wp-image-566\" style=\"aspect-ratio:0.986328125;width:142px;height:auto\" srcset=\"https:\/\/innovhorti.fr\/wp-content\/uploads\/2023\/10\/CA_CENTRE-VAL-DE-LOIRE_V_RVB-1010x1024.png 1010w, https:\/\/innovhorti.fr\/wp-content\/uploads\/2023\/10\/CA_CENTRE-VAL-DE-LOIRE_V_RVB-296x300.png 296w, https:\/\/innovhorti.fr\/wp-content\/uploads\/2023\/10\/CA_CENTRE-VAL-DE-LOIRE_V_RVB-768x779.png 768w, https:\/\/innovhorti.fr\/wp-content\/uploads\/2023\/10\/CA_CENTRE-VAL-DE-LOIRE_V_RVB-1515x1536.png 1515w, https:\/\/innovhorti.fr\/wp-content\/uploads\/2023\/10\/CA_CENTRE-VAL-DE-LOIRE_V_RVB.png 1586w\" sizes=\"auto, (max-width: 1010px) 100vw, 1010px\" \/><\/figure>\n\n\n\n<p class=\"has-text-align-center\"><strong>Guillaume B\u00c9NARD<\/strong><\/p>\n\n\n\n<p class=\"has-text-align-center\">Charg\u00e9 de mission              Economie des fili\u00e8res<\/p>\n\n\n\n<p class=\"has-text-align-center\"><br><\/p>\n<\/div>\n\n\n\n<div class=\"wp-block-column is-layout-flow wp-block-column-is-layout-flow\" style=\"flex-basis:50%\">\n<figure class=\"wp-block-image aligncenter size-large is-resized\"><img loading=\"lazy\" decoding=\"async\" width=\"735\" height=\"1024\" src=\"https:\/\/innovhorti.fr\/wp-content\/uploads\/2023\/10\/vegepolys_valley_logo_verticale_rvb-735x1024.png\" alt=\"\" class=\"wp-image-565\" style=\"aspect-ratio:0.7177734375;width:104px;height:auto\" srcset=\"https:\/\/innovhorti.fr\/wp-content\/uploads\/2023\/10\/vegepolys_valley_logo_verticale_rvb-735x1024.png 735w, https:\/\/innovhorti.fr\/wp-content\/uploads\/2023\/10\/vegepolys_valley_logo_verticale_rvb-215x300.png 215w, https:\/\/innovhorti.fr\/wp-content\/uploads\/2023\/10\/vegepolys_valley_logo_verticale_rvb-768x1069.png 768w, https:\/\/innovhorti.fr\/wp-content\/uploads\/2023\/10\/vegepolys_valley_logo_verticale_rvb-1103x1536.png 1103w, https:\/\/innovhorti.fr\/wp-content\/uploads\/2023\/10\/vegepolys_valley_logo_verticale_rvb.png 1312w\" sizes=\"auto, (max-width: 735px) 100vw, 735px\" \/><\/figure>\n\n\n\n<p class=\"has-text-align-center\"><strong>L\u00e9o ROBERT<\/strong><\/p>\n\n\n\n<p class=\"has-text-align-center\">Charg\u00e9 de projet <br>Antenne Centre-Val de Loire <\/p>\n<\/div>\n<\/div>\n\n\n\n<div class=\"wp-block-uagb-advanced-heading uagb-block-e85b8d1b\"><h5 class=\"uagb-heading-text\">E-mail<\/h5><div class=\"uagb-separator\"><\/div><p class=\"uagb-desc-text\">contact@innovhorti.fr<\/p><\/div>\n<\/div>\n<\/div><\/div>\n","protected":false},"excerpt":{"rendered":"<p>Contactez nous ! Vous avez une question ? Pour contacter les organisateurs Guillaume B\u00c9NARD Charg\u00e9 de mission Economie des fili\u00e8res L\u00e9o ROBERT Charg\u00e9 de projet Antenne Centre-Val de Loire E-mail contact@innovhorti.fr<\/p>\n","protected":false},"author":1,"featured_media":0,"parent":0,"menu_order":0,"comment_status":"closed","ping_status":"closed","template":"","meta":{"_uag_custom_page_level_css":"","site-sidebar-layout":"no-sidebar","site-content-layout":"plain-container","ast-site-content-layout":"normal-width-container","site-content-style":"unboxed","site-sidebar-style":"unboxed","ast-global-header-display":"","ast-banner-title-visibility":"","ast-main-header-display":"","ast-hfb-above-header-display":"","ast-hfb-below-header-display":"","ast-hfb-mobile-header-display":"","site-post-title":"disabled","ast-breadcrumbs-content":"","ast-featured-img":"","footer-sml-layout":"","theme-transparent-header-meta":"enabled","adv-header-id-meta":"","stick-header-meta":"","header-above-stick-meta":"","header-main-stick-meta":"","header-below-stick-meta":"","astra-migrate-meta-layouts":"set","footnotes":""},"class_list":["post-416","page","type-page","status-publish","hentry"],"uagb_featured_image_src":{"full":false,"thumbnail":false,"medium":false,"medium_large":false,"large":false,"1536x1536":false,"2048x2048":false},"uagb_author_info":{"display_name":"admin1660","author_link":"https:\/\/innovhorti.fr\/?author=1"},"uagb_comment_info":0,"uagb_excerpt":"Contactez nous ! Vous avez une question ? Pour contacter les organisateurs Guillaume B\u00c9NARD Charg\u00e9 de mission Economie des fili\u00e8res L\u00e9o ROBERT Charg\u00e9 de projet Antenne Centre-Val de Loire E-mail contact@innovhorti.fr","_links":{"self":[{"href":"https:\/\/innovhorti.fr\/index.php?rest_route=\/wp\/v2\/pages\/416","targetHints":{"allow":["GET"]}}],"collection":[{"href":"https:\/\/innovhorti.fr\/index.php?rest_route=\/wp\/v2\/pages"}],"about":[{"href":"https:\/\/innovhorti.fr\/index.php?rest_route=\/wp\/v2\/types\/page"}],"author":[{"embeddable":true,"href":"https:\/\/innovhorti.fr\/index.php?rest_route=\/wp\/v2\/users\/1"}],"replies":[{"embeddable":true,"href":"https:\/\/innovhorti.fr\/index.php?rest_route=%2Fwp%2Fv2%2Fcomments&post=416"}],"version-history":[{"count":7,"href":"https:\/\/innovhorti.fr\/index.php?rest_route=\/wp\/v2\/pages\/416\/revisions"}],"predecessor-version":[{"id":956,"href":"https:\/\/innovhorti.fr\/index.php?rest_route=\/wp\/v2\/pages\/416\/revisions\/956"}],"wp:attachment":[{"href":"https:\/\/innovhorti.fr\/index.php?rest_route=%2Fwp%2Fv2%2Fmedia&parent=416"}],"curies":[{"name":"wp","href":"https:\/\/api.w.org\/{rel}","templated":true}]}}