{"id":415,"date":"2020-09-15T06:48:51","date_gmt":"2020-09-15T06:48:51","guid":{"rendered":"http:\/\/innovhorti.fr\/?page_id=415"},"modified":"2023-12-12T17:28:13","modified_gmt":"2023-12-12T16:28:13","slug":"services","status":"publish","type":"page","link":"https:\/\/innovhorti.fr\/?page_id=415","title":{"rendered":"Le Jury"},"content":{"rendered":"\n<div class=\"wp-block-uagb-container uagb-block-79d714ad alignfull uagb-is-root-container\"><div class=\"uagb-container-inner-blocks-wrap\">\n<div class=\"wp-block-uagb-advanced-heading uagb-block-ca1e86ce\"><h1 class=\"uagb-heading-text\">Le JURY<\/h1><\/div>\n<\/div><\/div>\n\n\n\n<div style=\"height:100px\" aria-hidden=\"true\" class=\"wp-block-spacer\"><\/div>\n\n\n\n<div class=\"wp-block-uagb-advanced-heading uagb-block-a782b3cb\"><h3 class=\"uagb-heading-text\">Un jury compos\u00e9 de professionnels, banques, repr\u00e9sentants r\u00e9gionaux<\/h3><div class=\"uagb-separator\"><\/div><\/div>\n\n\n\n<div class=\"wp-block-columns is-layout-flex wp-container-core-columns-is-layout-28f84493 wp-block-columns-is-layout-flex\">\n<div class=\"wp-block-column is-layout-flow wp-block-column-is-layout-flow\" style=\"flex-basis:33.33%\">\n<div class=\"wp-block-uagb-team uagb-team__image-position-above uagb-team__align-center uagb-team__stack-tablet uagb-block-209ccc58\"><div class=\"uagb-team__content\"><img decoding=\"async\" class=\"uagb-team__image-crop-circle\" src=\"http:\/\/innovhorti.fr\/wp-content\/uploads\/2023\/11\/agriculteur-150x150.png\" alt=\"\" height=\"100\" width=\"100\" loading=\"lazy\"\/><h3 class=\"uagb-team__title\">Marie-Laure <br>RAULINE<\/h3><span class=\"uagb-team__prefix\">Co-pr\u00e9sidente du CAP fili\u00e8re Horti-P\u00e9pi <br>P\u00e9pini\u00e8res JAVOY <\/span><p class=\"uagb-team__desc\"><\/p><\/div><\/div>\n\n\n\n<div class=\"wp-block-uagb-team uagb-team__image-position-above uagb-team__align-center uagb-team__stack-tablet uagb-block-69289b23\"><div class=\"uagb-team__content\"><img decoding=\"async\" class=\"uagb-team__image-crop-circle\" src=\"https:\/\/innovhorti.fr\/wp-content\/plugins\/ultimate-addons-for-gutenberg\/\/admin\/assets\/images\/placeholder.png\" alt=\"\" height=\"100\" width=\"100\" loading=\"lazy\"\/><h3 class=\"uagb-team__title\">DESRTT <\/h3><span class=\"uagb-team__prefix\">Conseil R\u00e9gional Centre-Val de Loire<br>Direction de l&#8217;Enseignement Sup\u00e9rieur, Recherche et Transfert de Technologie <\/span><p class=\"uagb-team__desc\"><\/p><\/div><\/div>\n<\/div>\n\n\n\n<div class=\"wp-block-column is-vertically-aligned-bottom is-layout-flow wp-block-column-is-layout-flow\" style=\"flex-basis:33.33%\">\n<div style=\"height:0px\" aria-hidden=\"true\" class=\"wp-block-spacer\"><\/div>\n\n\n\n<div class=\"wp-block-uagb-team uagb-team__image-position-above uagb-team__align-center uagb-team__stack-tablet uagb-block-e9b309ac\"><div class=\"uagb-team__content\"><img decoding=\"async\" class=\"uagb-team__image-crop-circle\" src=\"http:\/\/innovhorti.fr\/wp-content\/uploads\/2023\/11\/agriculteur-1-150x150.png\" alt=\"\" height=\"100\" width=\"100\" loading=\"lazy\"\/><h3 class=\"uagb-team__title\">Bruno <br>CHAUVET<\/h3><span class=\"uagb-team__prefix\">Co-pr\u00e9sident du CAP fili\u00e8re Horti-P\u00e9pi <br>P\u00e9pini\u00e8res CHAUVET<\/span><p class=\"uagb-team__desc\"><\/p><\/div><\/div>\n\n\n\n<div class=\"wp-block-uagb-team uagb-team__image-position-above uagb-team__align-center uagb-team__stack-tablet uagb-block-d89810a0\"><div class=\"uagb-team__content\"><img decoding=\"async\" class=\"uagb-team__image-crop-circle\" src=\"http:\/\/innovhorti.fr\/wp-content\/uploads\/2023\/11\/femme-150x150.png\" alt=\"\" height=\"100\" width=\"100\" loading=\"lazy\"\/><h3 class=\"uagb-team__title\">Anne-Sophie <br>MOUZET<\/h3><span class=\"uagb-team__prefix\">Conseil R\u00e9gional Centre-Val de Loire<br> Direction de l&#8217;Agriculture et de la For\u00eat<\/span><p class=\"uagb-team__desc\"><\/p><\/div><\/div>\n<\/div>\n\n\n\n<div class=\"wp-block-column is-layout-flow wp-block-column-is-layout-flow\" style=\"flex-basis:33.33%\">\n<div class=\"wp-block-uagb-team uagb-team__image-position-above uagb-team__align-center uagb-team__stack-tablet uagb-block-8b42eaab\"><div class=\"uagb-team__content\"><img decoding=\"async\" class=\"uagb-team__image-crop-circle\" src=\"http:\/\/innovhorti.fr\/wp-content\/uploads\/2023\/11\/4614489-1.png\" alt=\"\" height=\"100\" width=\"100\" loading=\"lazy\"\/><h3 class=\"uagb-team__title\">Arnaud <br>CROSNIER <\/h3><span class=\"uagb-team__prefix\">Pr\u00e9sident de VERDIR CVL <br>P\u00e9pini\u00e8res CROSNIER<\/span><p class=\"uagb-team__desc\"><\/p><\/div><\/div>\n\n\n\n<div class=\"wp-block-uagb-team uagb-team__image-position-above uagb-team__align-center uagb-team__stack-tablet uagb-block-0ddc92b7\"><div class=\"uagb-team__content\"><img decoding=\"async\" class=\"uagb-team__image-crop-circle\" src=\"http:\/\/innovhorti.fr\/wp-content\/uploads\/2023\/11\/banquier-150x150.png\" alt=\"\" height=\"100\" width=\"100\" loading=\"lazy\"\/><h3 class=\"uagb-team__title\">Anthony <br>DUMAS <\/h3><span class=\"uagb-team__prefix\">Agreen Lab&#8217;O Le Village by CA &#8211; Orl\u00e9ans<\/span><p class=\"uagb-team__desc\"><\/p><\/div><\/div>\n<\/div>\n<\/div>\n","protected":false},"excerpt":{"rendered":"<p>Le JURY Un jury compos\u00e9 de professionnels, banques, repr\u00e9sentants r\u00e9gionaux<\/p>\n","protected":false},"author":1,"featured_media":0,"parent":0,"menu_order":0,"comment_status":"closed","ping_status":"closed","template":"","meta":{"_uag_custom_page_level_css":"","site-sidebar-layout":"no-sidebar","site-content-layout":"plain-container","ast-site-content-layout":"normal-width-container","site-content-style":"unboxed","site-sidebar-style":"unboxed","ast-global-header-display":"","ast-banner-title-visibility":"","ast-main-header-display":"","ast-hfb-above-header-display":"","ast-hfb-below-header-display":"","ast-hfb-mobile-header-display":"","site-post-title":"disabled","ast-breadcrumbs-content":"","ast-featured-img":"","footer-sml-layout":"","theme-transparent-header-meta":"enabled","adv-header-id-meta":"","stick-header-meta":"","header-above-stick-meta":"","header-main-stick-meta":"","header-below-stick-meta":"","astra-migrate-meta-layouts":"set","footnotes":""},"class_list":["post-415","page","type-page","status-publish","hentry"],"uagb_featured_image_src":{"full":false,"thumbnail":false,"medium":false,"medium_large":false,"large":false,"1536x1536":false,"2048x2048":false},"uagb_author_info":{"display_name":"admin1660","author_link":"https:\/\/innovhorti.fr\/?author=1"},"uagb_comment_info":0,"uagb_excerpt":"Le JURY Un jury compos\u00e9 de professionnels, banques, repr\u00e9sentants r\u00e9gionaux","_links":{"self":[{"href":"https:\/\/innovhorti.fr\/index.php?rest_route=\/wp\/v2\/pages\/415","targetHints":{"allow":["GET"]}}],"collection":[{"href":"https:\/\/innovhorti.fr\/index.php?rest_route=\/wp\/v2\/pages"}],"about":[{"href":"https:\/\/innovhorti.fr\/index.php?rest_route=\/wp\/v2\/types\/page"}],"author":[{"embeddable":true,"href":"https:\/\/innovhorti.fr\/index.php?rest_route=\/wp\/v2\/users\/1"}],"replies":[{"embeddable":true,"href":"https:\/\/innovhorti.fr\/index.php?rest_route=%2Fwp%2Fv2%2Fcomments&post=415"}],"version-history":[{"count":19,"href":"https:\/\/innovhorti.fr\/index.php?rest_route=\/wp\/v2\/pages\/415\/revisions"}],"predecessor-version":[{"id":984,"href":"https:\/\/innovhorti.fr\/index.php?rest_route=\/wp\/v2\/pages\/415\/revisions\/984"}],"wp:attachment":[{"href":"https:\/\/innovhorti.fr\/index.php?rest_route=%2Fwp%2Fv2%2Fmedia&parent=415"}],"curies":[{"name":"wp","href":"https:\/\/api.w.org\/{rel}","templated":true}]}}