{"id":414,"date":"2020-09-15T06:48:39","date_gmt":"2020-09-15T06:48:39","guid":{"rendered":"http:\/\/innovhorti.fr\/?page_id=414"},"modified":"2024-09-19T10:43:48","modified_gmt":"2024-09-19T08:43:48","slug":"projects","status":"publish","type":"page","link":"https:\/\/innovhorti.fr\/?page_id=414","title":{"rendered":"Les D\u00e9fis"},"content":{"rendered":"\n<div class=\"wp-block-uagb-container uagb-block-ed8ce212 alignfull uagb-is-root-container\"><div class=\"uagb-container-inner-blocks-wrap\">\n<div class=\"wp-block-uagb-advanced-heading uagb-block-0751f6ce\"><h1 class=\"uagb-heading-text\">Les 2 d\u00e9fis <\/h1><\/div>\n<\/div><\/div>\n\n\n\n<p><\/p>\n\n\n\n<div class=\"wp-block-columns is-layout-flex wp-container-core-columns-is-layout-28f84493 wp-block-columns-is-layout-flex\">\n<div class=\"wp-block-column is-layout-flow wp-block-column-is-layout-flow\" style=\"flex-basis:50%\">\n<div class=\"wp-block-uagb-info-box uagb-block-ffdd5674 uagb-infobox__content-wrap  uagb-infobox-icon-above-title uagb-infobox-image-valign-middle\"><div class=\"uagb-ifb-content\"><div class=\"uagb-ifb-image-content\"><img decoding=\"async\" src=\"http:\/\/innovhorti.fr\/wp-content\/uploads\/2023\/10\/iStock-1408040779-1-150x150.jpg\" alt=\"\" width=\"\" height=\"0\" loading=\"lazy\"\/><\/div><div class=\"uagb-ifb-title-wrap\"><h3 class=\"uagb-ifb-title\">Optimiser les flux des diff\u00e9rentes ressources en eau en fonction des cycles de production<\/h3><\/div><div class=\"uagb-ifb-separator\"><\/div><p class=\"uagb-ifb-desc\">Dans un contexte de changement climatique, les entreprises de la fili\u00e8re ont besoin de passer d\u2019un mode mono-ressource \u00e0 une gestion multi-source de l\u2019eau (eau du r\u00e9seau, eau de forage, eau pluviale, eau recycl\u00e9e \u2026).<br><br><strong><mark style=\"background-color:rgba(0, 0, 0, 0)\" class=\"has-inline-color has-ast-global-color-1-color\">Ce qui est attendu de votre projet : <\/mark><\/strong><br><br>Imaginez une solution (outil de pilotage \/ automatisme \/ process technique, ou autre &#8230;) permettant aux entreprises de g\u00e9rer efficacement ces diff\u00e9rentes ressources en eau en fonction de la saisonnalit\u00e9 des cycles de production.<\/p><\/div><\/div>\n<\/div>\n\n\n\n<div class=\"wp-block-column is-layout-flow wp-block-column-is-layout-flow\" style=\"flex-basis:50%\">\n<div class=\"wp-block-uagb-info-box uagb-block-fe0a001c uagb-infobox__content-wrap  uagb-infobox-icon-above-title uagb-infobox-image-valign-top\"><div class=\"uagb-ifb-content\"><div class=\"uagb-ifb-image-content\"><img decoding=\"async\" src=\"http:\/\/innovhorti.fr\/wp-content\/uploads\/2023\/10\/iStock-151514883-2-150x150.jpg\" alt=\"\" width=\"\" height=\"0\" loading=\"lazy\"\/><\/div><div class=\"uagb-ifb-title-wrap\"><h3 class=\"uagb-ifb-title\"><strong>Cr\u00e9er une relation entre les v\u00e9g\u00e9taux qui entourent les citoyens et les entreprises de production<\/strong><\/h3><\/div><div class=\"uagb-ifb-separator\"><\/div><p class=\"uagb-ifb-desc\">Les citoyens sont de plus en plus demandeur de v\u00e9g\u00e9tal dans leurs espaces de vie. Nombre d\u2019entre eux sont curieux d\u2019en savoir plus sur les v\u00e9g\u00e9taux qui les entourent mais ne font que trop rarement le lien avec la fili\u00e8re de production.<br><br><strong><mark style=\"background-color:rgba(0, 0, 0, 0)\" class=\"has-inline-color has-ast-global-color-1-color\">Ce qui est attendu de votre projet :<\/mark><\/strong><br><br><strong>&nbsp;<\/strong> Imaginez une solution (application mobile, ou autre &#8230;) permettant, au-del\u00e0 des solutions d\u2019identification du v\u00e9g\u00e9tal d\u00e9j\u00e0 existantes, de relier le citoyen avec les entreprises de production.<\/p><\/div><\/div>\n<\/div>\n<\/div>\n","protected":false},"excerpt":{"rendered":"<p>Les 2 d\u00e9fis<\/p>\n","protected":false},"author":1,"featured_media":0,"parent":0,"menu_order":0,"comment_status":"closed","ping_status":"closed","template":"","meta":{"_uag_custom_page_level_css":"","site-sidebar-layout":"no-sidebar","site-content-layout":"plain-container","ast-site-content-layout":"normal-width-container","site-content-style":"unboxed","site-sidebar-style":"unboxed","ast-global-header-display":"","ast-banner-title-visibility":"","ast-main-header-display":"","ast-hfb-above-header-display":"","ast-hfb-below-header-display":"","ast-hfb-mobile-header-display":"","site-post-title":"disabled","ast-breadcrumbs-content":"","ast-featured-img":"","footer-sml-layout":"","theme-transparent-header-meta":"enabled","adv-header-id-meta":"","stick-header-meta":"","header-above-stick-meta":"","header-main-stick-meta":"","header-below-stick-meta":"","astra-migrate-meta-layouts":"set","footnotes":""},"class_list":["post-414","page","type-page","status-publish","hentry"],"uagb_featured_image_src":{"full":false,"thumbnail":false,"medium":false,"medium_large":false,"large":false,"1536x1536":false,"2048x2048":false},"uagb_author_info":{"display_name":"admin1660","author_link":"https:\/\/innovhorti.fr\/?author=1"},"uagb_comment_info":0,"uagb_excerpt":"Les 2 d\u00e9fis","_links":{"self":[{"href":"https:\/\/innovhorti.fr\/index.php?rest_route=\/wp\/v2\/pages\/414","targetHints":{"allow":["GET"]}}],"collection":[{"href":"https:\/\/innovhorti.fr\/index.php?rest_route=\/wp\/v2\/pages"}],"about":[{"href":"https:\/\/innovhorti.fr\/index.php?rest_route=\/wp\/v2\/types\/page"}],"author":[{"embeddable":true,"href":"https:\/\/innovhorti.fr\/index.php?rest_route=\/wp\/v2\/users\/1"}],"replies":[{"embeddable":true,"href":"https:\/\/innovhorti.fr\/index.php?rest_route=%2Fwp%2Fv2%2Fcomments&post=414"}],"version-history":[{"count":43,"href":"https:\/\/innovhorti.fr\/index.php?rest_route=\/wp\/v2\/pages\/414\/revisions"}],"predecessor-version":[{"id":1032,"href":"https:\/\/innovhorti.fr\/index.php?rest_route=\/wp\/v2\/pages\/414\/revisions\/1032"}],"wp:attachment":[{"href":"https:\/\/innovhorti.fr\/index.php?rest_route=%2Fwp%2Fv2%2Fmedia&parent=414"}],"curies":[{"name":"wp","href":"https:\/\/api.w.org\/{rel}","templated":true}]}}