{"id":413,"date":"2020-09-15T06:48:29","date_gmt":"2020-09-15T06:48:29","guid":{"rendered":"http:\/\/innovhorti.fr\/?page_id=413"},"modified":"2024-09-18T17:52:01","modified_gmt":"2024-09-18T15:52:01","slug":"about","status":"publish","type":"page","link":"https:\/\/innovhorti.fr\/?page_id=413","title":{"rendered":"Le Challenge"},"content":{"rendered":"\n<div class=\"wp-block-uagb-container uagb-block-04545503 alignfull uagb-is-root-container\"><div class=\"uagb-container-inner-blocks-wrap\">\n<div class=\"wp-block-uagb-advanced-heading uagb-block-58d792da\"><h1 class=\"uagb-heading-text\">Le Challenge<\/h1><\/div>\n<\/div><\/div>\n\n\n\n<div style=\"height:100px\" aria-hidden=\"true\" class=\"wp-block-spacer\"><\/div>\n\n\n\n<p class=\"has-text-align-center has-medium-font-size\">Vous souhaitez aider la fili\u00e8re horticole-p\u00e9pini\u00e8re Centre-Val de Loire \u00e0 relever les d\u00e9fis auxquels elle doit faire face ? <\/p>\n\n\n\n<p class=\"has-text-align-center has-medium-font-size\">Participez \u00e0 ce challenge, ouvert \u00e0 tous, pour innover sur des solutions concr\u00e8tes pour les exploitants agricoles en r\u00e9gion Centre-Val de Loire ! <\/p>\n\n\n\n<p class=\"has-text-align-center has-ast-global-color-1-color has-text-color has-link-color has-medium-font-size wp-elements-4155e0a1e67d2d839b091ed6999fe125\"><strong>Objectif :  Proposer des solutions \u00e0 l&#8217;un des 2 d\u00e9fis donn\u00e9 par la fili\u00e8re !<\/strong><\/p>\n\n\n\n<div class=\"wp-block-columns has-ast-global-color-5-background-color has-background is-layout-flex wp-container-core-columns-is-layout-28f84493 wp-block-columns-is-layout-flex\">\n<div class=\"wp-block-column is-layout-flow wp-block-column-is-layout-flow\" style=\"flex-basis:24%\">\n<div class=\"wp-block-uagb-container uagb-block-c07c1ca2 alignfull uagb-is-root-container\"><div class=\"uagb-container-inner-blocks-wrap\">\n<div data-aos= \"fade-down\" data-aos-duration=\"400\" data-aos-delay=\"0\" data-aos-easing=\"ease\" data-aos-once=\"true\" class=\"wp-block-uagb-advanced-heading uagb-block-152e475b\"><h2 class=\"uagb-heading-text\">Le challenge<\/h2><div class=\"uagb-separator\"><\/div><\/div>\n<\/div><\/div>\n<\/div>\n\n\n\n<div class=\"wp-block-column is-layout-flow wp-block-column-is-layout-flow\" style=\"flex-basis:100%\">\n<div class=\"wp-block-group is-layout-constrained wp-block-group-is-layout-constrained\">\n<div class=\"wp-block-columns has-ast-global-color-5-background-color has-background is-layout-flex wp-container-core-columns-is-layout-28f84493 wp-block-columns-is-layout-flex\">\n<div class=\"wp-block-column is-layout-flow wp-block-column-is-layout-flow\">\n<div data-aos= \"fade-down\" data-aos-duration=\"400\" data-aos-delay=\"0\" data-aos-easing=\"ease\" data-aos-once=\"true\" class=\"wp-block-uagb-content-timeline uagb-timeline__outer-wrap uagb-block-4d7c4a22 uagb-timeline__content-wrap uagb-timeline__left-block uagb-timeline__arrow-top  uagb-timeline\">\n<article class=\"wp-block-uagb-content-timeline-child uagb-timeline__field uagb-timeline-child-967c4178 uagb-timeline__left\"><div class=\"uagb-timeline__marker out-view-uagb-timeline__icon\"><svg xmlns=\"https:\/\/www.w3.org\/2000\/svg\" viewBox=\"0 0 448 512\"><path d=\"M160 32V64H288V32C288 14.33 302.3 0 320 0C337.7 0 352 14.33 352 32V64H400C426.5 64 448 85.49 448 112V160H0V112C0 85.49 21.49 64 48 64H96V32C96 14.33 110.3 0 128 0C145.7 0 160 14.33 160 32zM0 192H448V464C448 490.5 426.5 512 400 512H48C21.49 512 0 490.5 0 464V192zM64 304C64 312.8 71.16 320 80 320H112C120.8 320 128 312.8 128 304V272C128 263.2 120.8 256 112 256H80C71.16 256 64 263.2 64 272V304zM192 304C192 312.8 199.2 320 208 320H240C248.8 320 256 312.8 256 304V272C256 263.2 248.8 256 240 256H208C199.2 256 192 263.2 192 272V304zM336 256C327.2 256 320 263.2 320 272V304C320 312.8 327.2 320 336 320H368C376.8 320 384 312.8 384 304V272C384 263.2 376.8 256 368 256H336zM64 432C64 440.8 71.16 448 80 448H112C120.8 448 128 440.8 128 432V400C128 391.2 120.8 384 112 384H80C71.16 384 64 391.2 64 400V432zM208 384C199.2 384 192 391.2 192 400V432C192 440.8 199.2 448 208 448H240C248.8 448 256 440.8 256 432V400C256 391.2 248.8 384 240 384H208zM320 432C320 440.8 327.2 448 336 448H368C376.8 448 384 440.8 384 432V400C384 391.2 376.8 384 368 384H336C327.2 384 320 391.2 320 400V432z\"><\/path><\/svg><\/div><div class=\"uagb-timeline__day-new uagb-timeline__day-left uagb-timeline__events-inner-new\"><div class=\"uagb-timeline__events-inner--content\"><h5 class=\"uagb-timeline__heading\"><br>Les candidatures sont ouvertes ! <\/h5><p class=\"uagb-timeline-desc-content\">Durant cette phase et jusqu&#8217;au 6 janvier, vous aurez la possibilit\u00e9 de vous pr\u00e9inscrire : formulaire d&#8217;inscription, profil projet, et d\u00e9p\u00f4t de votre id\u00e9e ! <br><br>Envie de rejoindre un groupe projet existant ? Envie d&#8217;int\u00e9grer une nouvelle comp\u00e9tence dans son \u00e9quipe ? C&#8217;est aussi avant le d\u00e9but du projet que tout est possible !  <br><br><mark style=\"background-color:rgba(0, 0, 0, 0)\" class=\"has-inline-color has-ast-global-color-1-color\"><strong>Vous avez jusqu&#8217;au 6 janvier pour finaliser votre \u00e9quipe !<\/strong><\/mark><br><br>Pour candidater, vous devrez d\u00e9poser avant le 6 janvier les \u00e9l\u00e9ments suivants : <br>&#8211; CV des candidats <br><mark class=\"has-inline-color has-ast-global-color-1-color\"><\/mark>&#8211; Trame descriptive du projet (accessible via l&#8217;espace candidat) <br><br><\/p><div class=\"uagb-timeline__arrow\"><\/div><\/div><\/div><div class=\"uagb-timeline__date-new\"><\/div><\/article>\n\n\n\n<article class=\"wp-block-uagb-content-timeline-child uagb-timeline__field uagb-timeline-child-0079843f uagb-timeline__left\"><div class=\"uagb-timeline__marker out-view-uagb-timeline__icon\"><svg xmlns=\"https:\/\/www.w3.org\/2000\/svg\" viewBox=\"0 0 448 512\"><path d=\"M160 32V64H288V32C288 14.33 302.3 0 320 0C337.7 0 352 14.33 352 32V64H400C426.5 64 448 85.49 448 112V160H0V112C0 85.49 21.49 64 48 64H96V32C96 14.33 110.3 0 128 0C145.7 0 160 14.33 160 32zM0 192H448V464C448 490.5 426.5 512 400 512H48C21.49 512 0 490.5 0 464V192zM64 304C64 312.8 71.16 320 80 320H112C120.8 320 128 312.8 128 304V272C128 263.2 120.8 256 112 256H80C71.16 256 64 263.2 64 272V304zM192 304C192 312.8 199.2 320 208 320H240C248.8 320 256 312.8 256 304V272C256 263.2 248.8 256 240 256H208C199.2 256 192 263.2 192 272V304zM336 256C327.2 256 320 263.2 320 272V304C320 312.8 327.2 320 336 320H368C376.8 320 384 312.8 384 304V272C384 263.2 376.8 256 368 256H336zM64 432C64 440.8 71.16 448 80 448H112C120.8 448 128 440.8 128 432V400C128 391.2 120.8 384 112 384H80C71.16 384 64 391.2 64 400V432zM208 384C199.2 384 192 391.2 192 400V432C192 440.8 199.2 448 208 448H240C248.8 448 256 440.8 256 432V400C256 391.2 248.8 384 240 384H208zM320 432C320 440.8 327.2 448 336 448H368C376.8 448 384 440.8 384 432V400C384 391.2 376.8 384 368 384H336C327.2 384 320 391.2 320 400V432z\"><\/path><\/svg><\/div><div class=\"uagb-timeline__day-new uagb-timeline__day-left uagb-timeline__events-inner-new\"><div class=\"uagb-timeline__events-inner--content\"><div class=\"uagb-timeline__date-hide uagb-timeline__inner-date-new\">06 janvier 2024<\/div><h5 class=\"uagb-timeline__heading\"><br>Phase 1 : D\u00e9but du challenge, 2 semaines pour proposer un premier projet ! <\/h5><p class=\"uagb-timeline-desc-content\"><strong>A partir du <mark style=\"background-color:rgba(0, 0, 0, 0);color:#00a49e\" class=\"has-inline-color\">6 janvier<\/mark>,<\/strong> vous aurez <mark style=\"background-color:rgba(0, 0, 0, 0)\" class=\"has-inline-color has-ast-global-color-1-color\"><strong>acc\u00e8s \u00e0 une base documentaire<\/strong><\/mark> compl\u00e8te pour orienter votre projet : documents fili\u00e8res, veille innovation, articles de presses &#8230;<br><br><strong>Le <mark style=\"background-color:rgba(0, 0, 0, 0);color:#00a49e\" class=\"has-inline-color\">7 janvier<\/mark><\/strong>, nous nous retrouverons lors d&#8217;un \u00e9change collectif, de <mark style=\"background-color:rgba(0, 0, 0, 0);color:#00a49e\" class=\"has-inline-color\"><strong>17h30 \u00e0 18h30<\/strong><\/mark> pour un tour des projets et premi\u00e8res orientations avec les animateurs du challenge.<br><br>A l&#8217;issue de cet \u00e9change, vous aurez jusqu&#8217;au <mark style=\"background-color:rgba(0, 0, 0, 0);color:#00a49e\" class=\"has-inline-color\"><strong>20 janvier<\/strong><\/mark> pour <mark style=\"background-color:rgba(0, 0, 0, 0)\" class=\"has-inline-color has-ast-global-color-1-color\"><strong>d\u00e9poser une premi\u00e8re version formalis\u00e9e de votre projet. <\/strong><\/mark><br><br> <\/p><div class=\"uagb-timeline__arrow\"><\/div><\/div><\/div><div class=\"uagb-timeline__date-new\">06 janvier 2024<\/div><\/article>\n\n\n\n<article class=\"wp-block-uagb-content-timeline-child uagb-timeline__field uagb-timeline-child-6c9813d8 uagb-timeline__left\"><div class=\"uagb-timeline__marker out-view-uagb-timeline__icon\"><svg xmlns=\"https:\/\/www.w3.org\/2000\/svg\" viewBox=\"0 0 448 512\"><path d=\"M160 32V64H288V32C288 14.33 302.3 0 320 0C337.7 0 352 14.33 352 32V64H400C426.5 64 448 85.49 448 112V160H0V112C0 85.49 21.49 64 48 64H96V32C96 14.33 110.3 0 128 0C145.7 0 160 14.33 160 32zM0 192H448V464C448 490.5 426.5 512 400 512H48C21.49 512 0 490.5 0 464V192zM64 304C64 312.8 71.16 320 80 320H112C120.8 320 128 312.8 128 304V272C128 263.2 120.8 256 112 256H80C71.16 256 64 263.2 64 272V304zM192 304C192 312.8 199.2 320 208 320H240C248.8 320 256 312.8 256 304V272C256 263.2 248.8 256 240 256H208C199.2 256 192 263.2 192 272V304zM336 256C327.2 256 320 263.2 320 272V304C320 312.8 327.2 320 336 320H368C376.8 320 384 312.8 384 304V272C384 263.2 376.8 256 368 256H336zM64 432C64 440.8 71.16 448 80 448H112C120.8 448 128 440.8 128 432V400C128 391.2 120.8 384 112 384H80C71.16 384 64 391.2 64 400V432zM208 384C199.2 384 192 391.2 192 400V432C192 440.8 199.2 448 208 448H240C248.8 448 256 440.8 256 432V400C256 391.2 248.8 384 240 384H208zM320 432C320 440.8 327.2 448 336 448H368C376.8 448 384 440.8 384 432V400C384 391.2 376.8 384 368 384H336C327.2 384 320 391.2 320 400V432z\"><\/path><\/svg><\/div><div class=\"uagb-timeline__day-new uagb-timeline__day-left uagb-timeline__events-inner-new\"><div class=\"uagb-timeline__events-inner--content\"><div class=\"uagb-timeline__date-hide uagb-timeline__inner-date-new\">20 janvier 2024<\/div><h5 class=\"uagb-timeline__heading\"><br>D\u00e9p\u00f4t et s\u00e9lection des finalistes <\/h5><p class=\"uagb-timeline-desc-content\">Le <mark style=\"background-color:rgba(0, 0, 0, 0);color:#00a49e\" class=\"has-inline-color\"><strong>20 janvier, \u00e0 midi<\/strong><\/mark>, vous aurez d\u00e9pos\u00e9 votre projet v1. Notre jury proc\u00e9dera \u00e0 une premi\u00e8re lecture de vos projets \u00e0 partir du support fourni. Apr\u00e8s ce premier passage virtuel devant le jury, <strong><mark style=\"background-color:rgba(0, 0, 0, 0)\" class=\"has-inline-color has-ast-global-color-1-color\">les finalistes seront annonc\u00e9s le <\/mark><mark style=\"background-color:rgba(0, 0, 0, 0);color:#00a49e\" class=\"has-inline-color\">24 janvier<\/mark><mark style=\"background-color:rgba(0, 0, 0, 0)\" class=\"has-inline-color has-ast-global-color-6-color\">.<\/mark><\/strong><br><br><\/p><div class=\"uagb-timeline__arrow\"><\/div><\/div><\/div><div class=\"uagb-timeline__date-new\">20 janvier 2024<\/div><\/article>\n\n\n\n<article class=\"wp-block-uagb-content-timeline-child uagb-timeline__field uagb-timeline-child-9f15c126 uagb-timeline__left\"><div class=\"uagb-timeline__marker out-view-uagb-timeline__icon\"><svg xmlns=\"https:\/\/www.w3.org\/2000\/svg\" viewBox=\"0 0 448 512\"><path d=\"M160 32V64H288V32C288 14.33 302.3 0 320 0C337.7 0 352 14.33 352 32V64H400C426.5 64 448 85.49 448 112V160H0V112C0 85.49 21.49 64 48 64H96V32C96 14.33 110.3 0 128 0C145.7 0 160 14.33 160 32zM0 192H448V464C448 490.5 426.5 512 400 512H48C21.49 512 0 490.5 0 464V192zM64 304C64 312.8 71.16 320 80 320H112C120.8 320 128 312.8 128 304V272C128 263.2 120.8 256 112 256H80C71.16 256 64 263.2 64 272V304zM192 304C192 312.8 199.2 320 208 320H240C248.8 320 256 312.8 256 304V272C256 263.2 248.8 256 240 256H208C199.2 256 192 263.2 192 272V304zM336 256C327.2 256 320 263.2 320 272V304C320 312.8 327.2 320 336 320H368C376.8 320 384 312.8 384 304V272C384 263.2 376.8 256 368 256H336zM64 432C64 440.8 71.16 448 80 448H112C120.8 448 128 440.8 128 432V400C128 391.2 120.8 384 112 384H80C71.16 384 64 391.2 64 400V432zM208 384C199.2 384 192 391.2 192 400V432C192 440.8 199.2 448 208 448H240C248.8 448 256 440.8 256 432V400C256 391.2 248.8 384 240 384H208zM320 432C320 440.8 327.2 448 336 448H368C376.8 448 384 440.8 384 432V400C384 391.2 376.8 384 368 384H336C327.2 384 320 391.2 320 400V432z\"><\/path><\/svg><\/div><div class=\"uagb-timeline__day-new uagb-timeline__day-left uagb-timeline__events-inner-new\"><div class=\"uagb-timeline__events-inner--content\"><div class=\"uagb-timeline__date-hide uagb-timeline__inner-date-new\">27 janvier 2024<\/div><h5 class=\"uagb-timeline__heading\"><br>Phase 2 : Deux semaines pour aller plus loin, pour les finalistes !<\/h5><p class=\"uagb-timeline-desc-content\">Pendant 2 semaines, les finalistes finaliseront leurs projets. <br><br>Un \u00e9change individuel avec les finalistes est pr\u00e9vu le <mark style=\"background-color:rgba(0, 0, 0, 0);color:#00a49e\" class=\"has-inline-color\"><strong>27 janvier matin <\/strong><\/mark>pour d\u00e9briefer sur la s\u00e9lection, les remarques du jury et pour orienter sur les 2 derni\u00e8res semaines de challenge ! <br><br>Durant ces 2 derni\u00e8res semaines, vous serez amen\u00e9s \u00e0 compl\u00e9ter votre document de pr\u00e9sentation de votre projet, ainsi qu&#8217;\u00e0 r\u00e9aliser un pitch vid\u00e9o.<br><br>Vous aurez <strong>jusqu&#8217;au <mark style=\"background-color:rgba(0, 0, 0, 0);color:#00a49e\" class=\"has-inline-color\">7 f\u00e9vrier, midi,<\/mark><\/strong> pour <strong><mark style=\"background-color:rgba(0, 0, 0, 0)\" class=\"has-inline-color has-ast-global-color-1-color\">d\u00e9poser votre projet final.<\/mark><\/strong><br><br><\/p><div class=\"uagb-timeline__arrow\"><\/div><\/div><\/div><div class=\"uagb-timeline__date-new\">27 janvier 2024<\/div><\/article>\n\n\n\n<article class=\"wp-block-uagb-content-timeline-child uagb-timeline__field uagb-timeline-child-c7d04a62 uagb-timeline__left\"><div class=\"uagb-timeline__marker out-view-uagb-timeline__icon\"><svg xmlns=\"https:\/\/www.w3.org\/2000\/svg\" viewBox=\"0 0 448 512\"><path d=\"M160 32V64H288V32C288 14.33 302.3 0 320 0C337.7 0 352 14.33 352 32V64H400C426.5 64 448 85.49 448 112V160H0V112C0 85.49 21.49 64 48 64H96V32C96 14.33 110.3 0 128 0C145.7 0 160 14.33 160 32zM0 192H448V464C448 490.5 426.5 512 400 512H48C21.49 512 0 490.5 0 464V192zM64 304C64 312.8 71.16 320 80 320H112C120.8 320 128 312.8 128 304V272C128 263.2 120.8 256 112 256H80C71.16 256 64 263.2 64 272V304zM192 304C192 312.8 199.2 320 208 320H240C248.8 320 256 312.8 256 304V272C256 263.2 248.8 256 240 256H208C199.2 256 192 263.2 192 272V304zM336 256C327.2 256 320 263.2 320 272V304C320 312.8 327.2 320 336 320H368C376.8 320 384 312.8 384 304V272C384 263.2 376.8 256 368 256H336zM64 432C64 440.8 71.16 448 80 448H112C120.8 448 128 440.8 128 432V400C128 391.2 120.8 384 112 384H80C71.16 384 64 391.2 64 400V432zM208 384C199.2 384 192 391.2 192 400V432C192 440.8 199.2 448 208 448H240C248.8 448 256 440.8 256 432V400C256 391.2 248.8 384 240 384H208zM320 432C320 440.8 327.2 448 336 448H368C376.8 448 384 440.8 384 432V400C384 391.2 376.8 384 368 384H336C327.2 384 320 391.2 320 400V432z\"><\/path><\/svg><\/div><div class=\"uagb-timeline__day-new uagb-timeline__day-left uagb-timeline__events-inner-new\"><div class=\"uagb-timeline__events-inner--content\"><div class=\"uagb-timeline__date-hide uagb-timeline__inner-date-new\">10 f\u00e9vrier 2024<\/div><h5 class=\"uagb-timeline__heading\"><br>S\u00e9lection des laur\u00e9ats <\/h5><p class=\"uagb-timeline-desc-content\">Pour clore le Challenge Innov&#8217;Horti, le jury se r\u00e9unira pour instruire de nouveau les projets des diff\u00e9rents finalistes et pour <strong><mark style=\"background-color:rgba(0, 0, 0, 0)\" class=\"has-inline-color has-ast-global-color-1-color\">annoncer la liste des laur\u00e9ats<\/mark><\/strong>, dans la semaine du <strong><mark style=\"background-color:rgba(0, 0, 0, 0);color:#00a49e\" class=\"has-inline-color\">17 f\u00e9vrier<\/mark><\/strong>.<br><br><\/p><div class=\"uagb-timeline__arrow\"><\/div><\/div><\/div><div class=\"uagb-timeline__date-new\">10 f\u00e9vrier 2024<\/div><\/article>\n<div class=\"uagb-timeline__line\"><div class=\"uagb-timeline__line__inner\"><\/div><\/div><\/div>\n<\/div>\n<\/div>\n<\/div>\n<\/div>\n<\/div>\n\n\n\n<div class=\"wp-block-columns is-layout-flex wp-container-core-columns-is-layout-28f84493 wp-block-columns-is-layout-flex\">\n<div class=\"wp-block-column is-layout-flow wp-block-column-is-layout-flow\" style=\"flex-basis:50%\">\n<div class=\"wp-block-uagb-advanced-heading uagb-block-85aae344\"><h4 class=\"uagb-heading-text\">Une action du CAP Fili\u00e8re Horti-P\u00e9pi <\/h4><div class=\"uagb-separator\"><\/div><\/div>\n\n\n\n<div class=\"wp-block-columns is-layout-flex wp-container-core-columns-is-layout-28f84493 wp-block-columns-is-layout-flex\">\n<div class=\"wp-block-column is-layout-flow wp-block-column-is-layout-flow\">\n<figure class=\"wp-block-image aligncenter size-full is-resized\"><a href=\"https:\/\/www.centre-valdeloire.fr\/\"><img loading=\"lazy\" decoding=\"async\" width=\"256\" height=\"141\" src=\"https:\/\/innovhorti.fr\/wp-content\/uploads\/2023\/10\/Logo_Cap_Filiere_Horti_Pepi_BAT-1.png\" alt=\"\" class=\"wp-image-603\" style=\"width:200px\"\/><\/a><\/figure>\n<\/div>\n\n\n\n<div class=\"wp-block-column is-layout-flow wp-block-column-is-layout-flow\">\n<figure class=\"wp-block-image aligncenter size-large is-resized\"><a href=\"https:\/\/www.centre-valdeloire.fr\/\"><img loading=\"lazy\" decoding=\"async\" width=\"1024\" height=\"532\" src=\"https:\/\/innovhorti.fr\/wp-content\/uploads\/2023\/10\/co-finance-par-quadri_janv23-1024x532.png\" alt=\"\" class=\"wp-image-718\" style=\"width:200px\" srcset=\"https:\/\/innovhorti.fr\/wp-content\/uploads\/2023\/10\/co-finance-par-quadri_janv23-1024x532.png 1024w, https:\/\/innovhorti.fr\/wp-content\/uploads\/2023\/10\/co-finance-par-quadri_janv23-300x156.png 300w, https:\/\/innovhorti.fr\/wp-content\/uploads\/2023\/10\/co-finance-par-quadri_janv23-768x399.png 768w, https:\/\/innovhorti.fr\/wp-content\/uploads\/2023\/10\/co-finance-par-quadri_janv23-1536x798.png 1536w, https:\/\/innovhorti.fr\/wp-content\/uploads\/2023\/10\/co-finance-par-quadri_janv23.png 2006w\" sizes=\"auto, (max-width: 1024px) 100vw, 1024px\" \/><\/a><\/figure>\n<\/div>\n<\/div>\n\n\n\n<p><\/p>\n<\/div>\n\n\n\n<div class=\"wp-block-column is-layout-flow wp-block-column-is-layout-flow\" style=\"flex-basis:50%\">\n<div class=\"wp-block-uagb-advanced-heading uagb-block-f897f70d\"><h4 class=\"uagb-heading-text\">Les organisateurs<\/h4><div class=\"uagb-separator\"><\/div><\/div>\n\n\n\n<div class=\"wp-block-columns is-layout-flex wp-container-core-columns-is-layout-28f84493 wp-block-columns-is-layout-flex\">\n<div class=\"wp-block-column is-layout-flow wp-block-column-is-layout-flow\">\n<figure class=\"wp-block-image aligncenter size-large is-resized is-style-default\"><a href=\"https:\/\/centre-valdeloire.chambres-agriculture.fr\/\"><img loading=\"lazy\" decoding=\"async\" width=\"1010\" height=\"1024\" src=\"https:\/\/innovhorti.fr\/wp-content\/uploads\/2023\/10\/CA_CENTRE-VAL-DE-LOIRE_V_RVB-1-1010x1024.png\" alt=\"\" class=\"wp-image-599\" style=\"aspect-ratio:0.986328125;object-fit:cover;width:165px\" srcset=\"https:\/\/innovhorti.fr\/wp-content\/uploads\/2023\/10\/CA_CENTRE-VAL-DE-LOIRE_V_RVB-1-1010x1024.png 1010w, https:\/\/innovhorti.fr\/wp-content\/uploads\/2023\/10\/CA_CENTRE-VAL-DE-LOIRE_V_RVB-1-296x300.png 296w, https:\/\/innovhorti.fr\/wp-content\/uploads\/2023\/10\/CA_CENTRE-VAL-DE-LOIRE_V_RVB-1-768x779.png 768w, https:\/\/innovhorti.fr\/wp-content\/uploads\/2023\/10\/CA_CENTRE-VAL-DE-LOIRE_V_RVB-1-1515x1536.png 1515w, https:\/\/innovhorti.fr\/wp-content\/uploads\/2023\/10\/CA_CENTRE-VAL-DE-LOIRE_V_RVB-1.png 1586w\" sizes=\"auto, (max-width: 1010px) 100vw, 1010px\" \/><\/a><\/figure>\n<\/div>\n\n\n\n<div class=\"wp-block-column is-layout-flow wp-block-column-is-layout-flow\">\n<figure class=\"wp-block-image aligncenter size-large is-resized\"><a href=\"https:\/\/www.vegepolys-valley.eu\/\"><img loading=\"lazy\" decoding=\"async\" width=\"735\" height=\"1024\" src=\"https:\/\/innovhorti.fr\/wp-content\/uploads\/2023\/10\/vegepolys_valley_logo_verticale_rvb-1-735x1024.png\" alt=\"\" class=\"wp-image-600\" style=\"aspect-ratio:0.7177734375;object-fit:cover;width:130px\" srcset=\"https:\/\/innovhorti.fr\/wp-content\/uploads\/2023\/10\/vegepolys_valley_logo_verticale_rvb-1-735x1024.png 735w, https:\/\/innovhorti.fr\/wp-content\/uploads\/2023\/10\/vegepolys_valley_logo_verticale_rvb-1-215x300.png 215w, https:\/\/innovhorti.fr\/wp-content\/uploads\/2023\/10\/vegepolys_valley_logo_verticale_rvb-1-768x1069.png 768w, https:\/\/innovhorti.fr\/wp-content\/uploads\/2023\/10\/vegepolys_valley_logo_verticale_rvb-1-1103x1536.png 1103w, https:\/\/innovhorti.fr\/wp-content\/uploads\/2023\/10\/vegepolys_valley_logo_verticale_rvb-1.png 1312w\" sizes=\"auto, (max-width: 735px) 100vw, 735px\" \/><\/a><\/figure>\n<\/div>\n<\/div>\n<\/div>\n<\/div>\n","protected":false},"excerpt":{"rendered":"<p>Le Challenge Vous souhaitez aider la fili\u00e8re horticole-p\u00e9pini\u00e8re Centre-Val de Loire \u00e0 relever les d\u00e9fis auxquels elle doit faire face ? Participez \u00e0 ce challenge, ouvert \u00e0 tous, pour innover sur des solutions concr\u00e8tes pour les exploitants agricoles en r\u00e9gion Centre-Val de Loire ! Objectif : Proposer des solutions \u00e0 l&#8217;un des 2 d\u00e9fis donn\u00e9 &hellip;<\/p>\n<p class=\"read-more\"> <a class=\"\" href=\"https:\/\/innovhorti.fr\/?page_id=413\"> <span class=\"screen-reader-text\">Le Challenge<\/span> Read More &raquo;<\/a><\/p>\n","protected":false},"author":1,"featured_media":0,"parent":0,"menu_order":0,"comment_status":"closed","ping_status":"closed","template":"","meta":{"_uag_custom_page_level_css":"","site-sidebar-layout":"no-sidebar","site-content-layout":"plain-container","ast-site-content-layout":"normal-width-container","site-content-style":"unboxed","site-sidebar-style":"unboxed","ast-global-header-display":"","ast-banner-title-visibility":"","ast-main-header-display":"","ast-hfb-above-header-display":"","ast-hfb-below-header-display":"","ast-hfb-mobile-header-display":"","site-post-title":"disabled","ast-breadcrumbs-content":"","ast-featured-img":"disabled","footer-sml-layout":"","theme-transparent-header-meta":"enabled","adv-header-id-meta":"","stick-header-meta":"","header-above-stick-meta":"","header-main-stick-meta":"","header-below-stick-meta":"","astra-migrate-meta-layouts":"set","footnotes":""},"class_list":["post-413","page","type-page","status-publish","hentry"],"uagb_featured_image_src":{"full":false,"thumbnail":false,"medium":false,"medium_large":false,"large":false,"1536x1536":false,"2048x2048":false},"uagb_author_info":{"display_name":"admin1660","author_link":"https:\/\/innovhorti.fr\/?author=1"},"uagb_comment_info":0,"uagb_excerpt":"Le Challenge Vous souhaitez aider la fili\u00e8re horticole-p\u00e9pini\u00e8re Centre-Val de Loire \u00e0 relever les d\u00e9fis auxquels elle doit faire face ? Participez \u00e0 ce challenge, ouvert \u00e0 tous, pour innover sur des solutions concr\u00e8tes pour les exploitants agricoles en r\u00e9gion Centre-Val de Loire ! Objectif : Proposer des solutions \u00e0 l&#8217;un des 2 d\u00e9fis donn\u00e9&hellip;","_links":{"self":[{"href":"https:\/\/innovhorti.fr\/index.php?rest_route=\/wp\/v2\/pages\/413","targetHints":{"allow":["GET"]}}],"collection":[{"href":"https:\/\/innovhorti.fr\/index.php?rest_route=\/wp\/v2\/pages"}],"about":[{"href":"https:\/\/innovhorti.fr\/index.php?rest_route=\/wp\/v2\/types\/page"}],"author":[{"embeddable":true,"href":"https:\/\/innovhorti.fr\/index.php?rest_route=\/wp\/v2\/users\/1"}],"replies":[{"embeddable":true,"href":"https:\/\/innovhorti.fr\/index.php?rest_route=%2Fwp%2Fv2%2Fcomments&post=413"}],"version-history":[{"count":40,"href":"https:\/\/innovhorti.fr\/index.php?rest_route=\/wp\/v2\/pages\/413\/revisions"}],"predecessor-version":[{"id":1023,"href":"https:\/\/innovhorti.fr\/index.php?rest_route=\/wp\/v2\/pages\/413\/revisions\/1023"}],"wp:attachment":[{"href":"https:\/\/innovhorti.fr\/index.php?rest_route=%2Fwp%2Fv2%2Fmedia&parent=413"}],"curies":[{"name":"wp","href":"https:\/\/api.w.org\/{rel}","templated":true}]}}